{"id":5398,"date":"2024-04-10T12:15:07","date_gmt":"2024-04-10T10:15:07","guid":{"rendered":"https:\/\/obrzyce.eu\/?page_id=5398"},"modified":"2026-03-27T11:28:15","modified_gmt":"2026-03-27T10:28:15","slug":"deklaracja-dostepnosci-strony-dostepnosc-cyfrowa","status":"publish","type":"page","link":"https:\/\/obrzyce.eu\/index.php\/deklaracja-dostepnosci-strony-dostepnosc-cyfrowa\/","title":{"rendered":"Deklaracja dost\u0119pno\u015bci strony &#8211; Dost\u0119pno\u015b\u0107 cyfrowa"},"content":{"rendered":"\n<h1 class=\"wp-block-heading\">Deklaracja dost\u0119pno\u015bci<\/h1>\n\n\n\n<p>Samodzielny Publiczny Szpital dla Nerwowo i Psychicznie Chorych w Mi\u0119dzyrzeczu zobowi\u0105zuje si\u0119 zapewni\u0107 dost\u0119pno\u015b\u0107 swojej strony internetowej zgodnie z ustaw\u0105 z dnia 4 kwietnia 2019 r. o dost\u0119pno\u015bci cyfrowej stron internetowych i aplikacji mobilnych podmiot\u00f3w publicznych.<\/p>\n\n\n\n<p>Deklaracja dost\u0119pno\u015bci dotyczy strony <a href=\"https:\/\/obrzyce.eu\/ \">https:\/\/obrzyce.eu\/ <\/a>.<\/p>\n\n\n\n<p>Data publikacji strony internetowej: 10 marca 2022 r. Data ostatniej istotnej aktualizacji: 13 marca 2026 r.<\/p>\n\n\n\n<h2 class=\"wp-block-heading\">Stan dost\u0119pno\u015bci cyfrowej<\/h2>\n\n\n\n<p id=\"a11y-status\">Ta strona internetowa jest cz\u0119\u015bciowo zgodna z za\u0142\u0105cznikiem do ustawy o dost\u0119pno\u015bci cyfrowej z dnia 4 kwietnia 2019 r. o dost\u0119pno\u015bci cyfrowej stron internetowych i aplikacji mobilnych podmiot\u00f3w publicznych z powodu niezgodno\u015bci i wy\u0142\u0105cze\u0144 wymienionych poni\u017cej.<\/p>\n\n\n\n<h2 class=\"wp-block-heading\">Niedost\u0119pne tre\u015bci<\/h2>\n\n\n\n<h3 class=\"wp-block-heading\">Niezgodno\u015b\u0107 z za\u0142\u0105cznikiem<\/h3>\n\n\n\n<ul class=\"wp-block-list\">\n<li><a href=\"https:\/\/obrzyce.eu\/index.php\/formularz-sygnalisty\/\">Na stronie zamieszczono dokumenty jako skan wersji papierowej.<\/a><\/li>\n\n\n\n<li><a href=\"https:\/\/obrzyce.eu\/index.php\/historia\/\">Na stronie nie zapewniono alternatywy dla tre\u015bci nietekstowej.<\/a><\/li>\n\n\n\n<li><a href=\"https:\/\/obrzyce.eu\/index.php\/administracja\/\">Nie zastosowano odpowiednich znacznik\u00f3w semantycznych, aby struktura tre\u015bci by\u0142a jasna i logiczna.<\/a><\/li>\n\n\n\n<li>Tre\u015bci spod kursora nie spe\u0142niaj\u0105 trzech g\u0142\u00f3wnych wymaga\u0144.<\/li>\n\n\n\n<li>Na stronie nie istniej\u0105 mechanizmy pozwalaj\u0105ce na pomini\u0119cie blok\u00f3w.<\/li>\n\n\n\n<li><a href=\"https:\/\/obrzyce.eu\/index.php\/formularz-sygnalisty\/\">Na stronie internetowej nie zawarto celu link\u00f3w w kontek\u015bcie.<\/a><\/li>\n<\/ul>\n\n\n\n<h3 class=\"wp-block-heading\">Tre\u015bci nieobj\u0119te przepisami<\/h3>\n\n\n\n<ul class=\"wp-block-list\">\n<li>Mapy s\u0105 wy\u0142\u0105czone z obowi\u0105zku zapewniania dost\u0119pno\u015bci.<\/li>\n\n\n\n<li>Niekt\u00f3re dokumenty niedost\u0119pne cyfrowo zosta\u0142y wytworzone przez inne podmioty. Je\u015bli potrzebujesz,<\/li>\n<\/ul>\n\n\n\n<h2 class=\"wp-block-heading\">Przygotowanie deklaracji dost\u0119pno\u015bci i jej aktualizacja<\/h2>\n\n\n\n<ul class=\"wp-block-list\">\n<li>Data sporz\u0105dzenia deklaracji: 2 stycznia 2022 roku.<\/li>\n\n\n\n<li>Data ostatniego przegl\u0105du deklaracji: 17 marca 2026 roku.<\/li>\n<\/ul>\n\n\n\n<p>Deklaracj\u0119 sporz\u0105dzili\u015bmy na podstawie badania przeprowadzonego przez CBI24 Sp. z o.o. Wyniki badania przedstawia <a href=\" https:\/\/cbi24.pl\/ds\/streszczenie-czg.pdf \">Streszczenie raportu z audytu (95 kb, PDF)<\/a>.<\/p>\n\n\n\n<h2 class=\"wp-block-heading\">Informacje zwrotne i dane kontaktowe<\/h2>\n\n\n\n<p>Wszystkie problemy z dost\u0119pno\u015bci\u0105 cyfrow\u0105 tej strony internetowej mo\u017cesz zg\u0142osi\u0107 do Paulina Miku\u0142a \u2014 mejlowo <a href=\"mailto:pmikula@obrzyce.eu\">pmikula@obrzyce.eu<\/a> lub telefonicznie <a href=\"tel:+48781773404\">781-773- 404<\/a>.<\/p>\n\n\n\n<p>Ka\u017cdy ma prawo wyst\u0105pi\u0107 z \u017c\u0105daniem zapewnienia dost\u0119pno\u015bci cyfrowej tej strony internetowej lub jej element\u00f3w.<\/p>\n\n\n\n<p>Zg\u0142aszaj\u0105c takie \u017c\u0105danie podaj:<\/p>\n\n\n\n<ul class=\"wp-block-list\">\n<li>swoje imi\u0119 i nazwisko,<\/li>\n\n\n\n<li>swoje dane kontaktowe (np. numer telefonu, e-mail),<\/li>\n\n\n\n<li>dok\u0142adny adres strony internetowej, na kt\u00f3rej jest niedost\u0119pny cyfrowo element lub tre\u015b\u0107,<\/li>\n\n\n\n<li>opis na czym polega problem i jaki spos\u00f3b jego rozwi\u0105zania by\u0142by dla Ciebie najwygodniejszy.<\/li>\n<\/ul>\n\n\n\n<p>Na Twoje zg\u0142oszenie odpowiemy najszybciej jak to mo\u017cliwe, nie p\u00f3\u017aniej ni\u017c w ci\u0105gu 7 dni od jego otrzymania.<\/p>\n\n\n\n<p>Je\u017celi ten termin b\u0119dzie dla nas zbyt kr\u00f3tki poinformujemy Ci\u0119 o tym. W tej informacji podamy nowy termin, do kt\u00f3rego poprawimy zg\u0142oszone przez Ciebie b\u0142\u0119dy lub przygotujemy informacje w alternatywny spos\u00f3b. Ten nowy termin nie b\u0119dzie d\u0142u\u017cszy ni\u017c 2 miesi\u0105ce.<\/p>\n\n\n\n<p>Je\u017celi nie b\u0119dziemy w stanie zapewni\u0107 dost\u0119pno\u015bci cyfrowej strony internetowej lub tre\u015bci, wskazanej w Twoim \u017c\u0105daniu, zaproponujemy Ci dost\u0119p do nich w alternatywny spos\u00f3b.<\/p>\n\n\n\n<h3 class=\"wp-block-heading\">Obs\u0142uga wniosk\u00f3w i skarg zwi\u0105zanych z dost\u0119pno\u015bci\u0105<\/h3>\n\n\n\n<p>Je\u017celi w odpowiedzi na Tw\u00f3j wniosek o zapewnienie dost\u0119pno\u015bci cyfrowej, odm\u00f3wimy zapewnienia \u017c\u0105danej przez Ciebie dost\u0119pno\u015bci cyfrowej, a Ty nie zgadzasz si\u0119 z t\u0105 odmow\u0105, masz prawo z\u0142o\u017cy\u0107 skarg\u0119.<\/p>\n\n\n\n<p>Skarg\u0119 masz prawo z\u0142o\u017cy\u0107 tak\u017ce, je\u015bli nie zgadzasz si\u0119 na skorzystanie z alternatywnego sposobu dost\u0119pu, kt\u00f3ry zaproponowali\u015bmy Ci w odpowiedzi na Tw\u00f3j wniosek o zapewnienie dost\u0119pno\u015bci cyfrowej.<\/p>\n\n\n\n<p>Ewentualn\u0105 skarg\u0119 z\u0142\u00f3\u017c listownie lub mailem do kierownictwa naszego urz\u0119du:<\/p>\n\n\n\n<ul class=\"wp-block-list\">\n<li>SPSNPCH w Mi\u0119dzyrzeczu,<\/li>\n\n\n\n<li>ul. Pozna\u0144ska 109, 66\u2013300 Mi\u0119dzyrzecz,<\/li>\n\n\n\n<li>mejl: <a href=\"mailto:sekretariat@obrzyce.eu\">sekretariat@obrzyce.eu<\/a>.<\/li>\n<\/ul>\n\n\n\n<p><a href=\"https:\/\/www.gov.pl\/web\/gov\/zloz-wniosek-o-\nzapewnieniedostepnosci-cyfrowej-strony-internetowej-lub-aplikacji-mobilnej\">Pomocne mog\u0105 by\u0107 informacje, kt\u00f3re mo\u017cna znale\u017a\u0107 na rz\u0105dowym portalu gov.pl<\/a>.<\/p>\n\n\n\n<p>Mo\u017cesz tak\u017ce poinformowa\u0107 o tej sytuacji <a href=\"https:\/\/bip.brpo.gov.pl\/\">Rzecznika Praw Obywatelskich<\/a> i poprosi\u0107 o interwencj\u0119 w Twojej sprawie.<\/p>\n\n\n\n<h2 class=\"wp-block-heading\">Pozosta\u0142e informacje<\/h2>\n\n\n\n<h3 class=\"wp-block-heading\">Dost\u0119pno\u015b\u0107 architektoniczna<\/h3>\n\n\n\n<h4 class=\"wp-block-heading\">SPSNPCH w Mi\u0119dzyrzeczu, ul. Pozna\u0144ska 109, 66\u2013300 Mi\u0119dzyrzecz<\/h4>\n\n\n\n<p>Osoby na w\u00f3zku mog\u0105 wjecha\u0107 do budynku. Nie mog\u0105 wjecha\u0107 do wszystkich budynk\u00f3w.<\/p>\n\n\n\n<p>Drzwi i \u015bciany szklane nie s\u0105 oznaczone kontrastow\u0105 ta\u015bm\u0105.<\/p>\n\n\n\n<p>Schody wyposa\u017cone s\u0105 w por\u0119cze.<\/p>\n\n\n\n<p>Stopnie schod\u00f3w s\u0105 oznaczone kontrastowymi pasami.<\/p>\n\n\n\n<p>Przyciski w windzie s\u0105 oznaczone alfabetem brajla.<\/p>\n\n\n\n<p>Winda wyposa\u017cona jest w komunikaty g\u0142osowe.<\/p>\n\n\n\n<p>Jest toaleta dla os\u00f3b z niepe\u0142nosprawno\u015bciami.<\/p>\n\n\n\n<p>Brak parkingu dla os\u00f3b z niepe\u0142nosprawno\u015bciami. Trwaj\u0105 prace nad wyznaczeniem miejsc parkingowych dla os\u00f3b z niepe\u0142nosprawno\u015bciami.<\/p>\n\n\n\n<p>Brak tyflomap.<\/p>\n\n\n\n<p>Pomieszczenia w budynku nie s\u0105 oznaczone tabliczkami z wypuk\u0142ymi cyframi i alfabetem brajla.<\/p>\n\n\n\n<p>Brak d\u017awi\u0119kowego systemu nawigacji dla os\u00f3b niewidomych.<\/p>\n\n\n\n<p>Prawo wst\u0119pu z psem asystuj\u0105cym nie zosta\u0142o uregulowane.<\/p>\n\n\n\n<p>Dane kontaktowe do koordynatora dost\u0119pno\u015bci podmiotu publicznego: Paulina Miku\u0142a, pmikula@obrzyce.eu, 781-773-404.<\/p>\n\n\n\n<h3 class=\"wp-block-heading\">Dost\u0119pno\u015b\u0107 komunikacyjno-informacyjna<\/h3>\n\n\n\n<p>Mo\u017cna zam\u00f3wi\u0107 t\u0142umacza j\u0119zyka migowego przed wizyt\u0105 &#8211; po wcze\u015bniejszym zg\u0142oszeniu.<\/p>\n\n\n\n<p>W budynku nie ma p\u0119tli indukcyjnych.<\/p>\n<div class=\"gsp_post_data\" data-post_type=\"page\" data-cat=\"\" data-modified=\"120\" data-title=\"Deklaracja dost\u0119pno\u015bci strony &#8211; Dost\u0119pno\u015b\u0107 cyfrowa\" data-home=\"https:\/\/obrzyce.eu\"><\/div>","protected":false},"excerpt":{"rendered":"<p>Deklaracja dost\u0119pno\u015bci Samodzielny Publiczny Szpital dla Nerwowo i Psychicznie Chorych w Mi\u0119dzyrzeczu zobowi\u0105zuje si\u0119 zapewni\u0107 dost\u0119pno\u015b\u0107 swojej strony internetowej zgodnie z ustaw\u0105 z dnia 4 kwietnia 2019 r. o dost\u0119pno\u015bci cyfrowej stron internetowych i aplikacji mobilnych podmiot\u00f3w publicznych. Deklaracja dost\u0119pno\u015bci dotyczy strony https:\/\/obrzyce.eu\/ . Data publikacji strony internetowej: 10 marca 2022 r. Data ostatniej istotnej [&hellip;]<\/p>\n","protected":false},"author":3,"featured_media":0,"parent":0,"menu_order":8,"comment_status":"closed","ping_status":"closed","template":"","meta":{"_eb_attr":"","inline_featured_image":false,"footnotes":""},"class_list":["post-5398","page","type-page","status-publish","hentry","clearfix"],"_links":{"self":[{"href":"https:\/\/obrzyce.eu\/index.php\/wp-json\/wp\/v2\/pages\/5398","targetHints":{"allow":["GET"]}}],"collection":[{"href":"https:\/\/obrzyce.eu\/index.php\/wp-json\/wp\/v2\/pages"}],"about":[{"href":"https:\/\/obrzyce.eu\/index.php\/wp-json\/wp\/v2\/types\/page"}],"author":[{"embeddable":true,"href":"https:\/\/obrzyce.eu\/index.php\/wp-json\/wp\/v2\/users\/3"}],"replies":[{"embeddable":true,"href":"https:\/\/obrzyce.eu\/index.php\/wp-json\/wp\/v2\/comments?post=5398"}],"version-history":[{"count":7,"href":"https:\/\/obrzyce.eu\/index.php\/wp-json\/wp\/v2\/pages\/5398\/revisions"}],"predecessor-version":[{"id":8510,"href":"https:\/\/obrzyce.eu\/index.php\/wp-json\/wp\/v2\/pages\/5398\/revisions\/8510"}],"wp:attachment":[{"href":"https:\/\/obrzyce.eu\/index.php\/wp-json\/wp\/v2\/media?parent=5398"}],"curies":[{"name":"wp","href":"https:\/\/api.w.org\/{rel}","templated":true}]}}