{"id":3914,"date":"2022-07-27T14:25:54","date_gmt":"2022-07-27T12:25:54","guid":{"rendered":"https:\/\/obrzyce.eu\/?page_id=3914"},"modified":"2025-12-18T12:31:49","modified_gmt":"2025-12-18T11:31:49","slug":"ochrona-danych-osobowych","status":"publish","type":"page","link":"https:\/\/obrzyce.eu\/index.php\/ochrona-danych-osobowych\/","title":{"rendered":"OCHRONA DANYCH OSOBOWYCH"},"content":{"rendered":"\n<p>1. Inspektor Ochrony Danych (prosz\u0119 klikn\u0105\u0107 link poni\u017cej):<\/p>\n\n\n\n<ul class=\"wp-block-list\">\n<li><a href=\"https:\/\/obrzyce.eu\/wp-content\/uploads\/2025\/09\/1.-Inspektor-Ochrony-Danych-SPSNPCH-w-Miedzyrzeczu.pdf\">Inspektor Ochrony Danych &#8211; pdf (link)<\/a><\/li>\n<\/ul>\n\n\n\n<p>2. Deklaracja Dyrektora (prosz\u0119 klikn\u0105\u0107 link poni\u017cej):<\/p>\n\n\n\n<ul class=\"wp-block-list\">\n<li><a href=\"https:\/\/obrzyce.eu\/wp-content\/uploads\/2025\/09\/2A.-DEKLARACJA-DYREKTORA.pdf\">Deklaracja Dyrektora &#8211; pdf (link)<\/a><\/li>\n<\/ul>\n\n\n\n<p>3. Informacja dla Pacjenta dotycz\u0105ca przetwarzania danych osobowych (prosz\u0119 klikn\u0105\u0107 link poni\u017cej):<\/p>\n\n\n\n<ul class=\"wp-block-list\">\n<li><a href=\"https:\/\/obrzyce.eu\/wp-content\/uploads\/2025\/07\/Informacja-dla-Pacjenta-wydanie-6.0.pdf\">Informacja dla Pacjenta dotycz\u0105ca przetwarzania danych osobowych &#8211; pdf (link)<\/a><\/li>\n<\/ul>\n\n\n\n<p>4. Prawa os\u00f3b, kt\u00f3rych dane dotycz\u0105 &#8211; art. 15-22 RODO (prosz\u0119 klikn\u0105\u0107 link poni\u017cej):<\/p>\n\n\n\n<ul class=\"wp-block-list\">\n<li><a href=\"https:\/\/obrzyce.eu\/wp-content\/uploads\/2025\/09\/4A.-PRAWA-OSOB-ktorych-dane-dotycza.pdf\">Prawa os\u00f3b, kt\u00f3rych dane dotycz\u0105 &#8211; art. 15-22 RODO &#8211; pdf (link)<\/a><\/li>\n<\/ul>\n\n\n\n<p>5. Informacja o stosowaniu monitoringu wizyjnego (prosz\u0119 klikn\u0105\u0107 link poni\u017cej):<\/p>\n\n\n\n<ul class=\"wp-block-list\">\n<li><a href=\"https:\/\/obrzyce.eu\/wp-content\/uploads\/2025\/12\/Info-str-gl.-monitoring-wizyjny-w.-6.0.pdf\">Informacja o stosowaniu monitoringu wizyjnego- pdf (link)<\/a><\/li>\n<\/ul>\n\n\n\n<p>6. Zg\u0142aszanie incydent\u00f3w bezpiecze\u0144stwa (prosz\u0119 klikn\u0105\u0107 link poni\u017cej):<\/p>\n\n\n\n<ul class=\"wp-block-list\">\n<li><a href=\"https:\/\/obrzyce.eu\/wp-content\/uploads\/2025\/09\/6A.-Zglaszanie-incydentow-bezpieczenstwa.pdf\">Zg\u0142aszanie incydent\u00f3w bezpiecze\u0144stwa &#8211; pdf (link)<\/a><\/li>\n<\/ul>\n\n\n\n<p>7. Klauzule informacyjne do pobrania poni\u017cej (prosz\u0119 klikn\u0105\u0107 link poni\u017cej):<\/p>\n\n\n\n<ul class=\"wp-block-list\">\n<li><a href=\"https:\/\/obrzyce.eu\/wp-content\/uploads\/2022\/10\/Informacja-dla-Pacjenta-dotyczaca-przetwarzania-danych-osobowych.pdf\">Informacja dla pacjenta (link)<\/a> <\/li>\n<\/ul>\n\n\n\n<p>8. Obowi\u0105zek informacyjny dla u\u017cytkownik\u00f3w serwisu spo\u0142eczno\u015bciowego Facebook<br>odwiedzaj\u0105cych Fanpage Samodzielnego Publicznego Szpitala dla Nerwowo<br>i Psychicznie Chorych w Mi\u0119dzyrzeczu (prosz\u0119 klikn\u0105\u0107 link poni\u017cej):<\/p>\n\n\n\n<ul class=\"wp-block-list\">\n<li><a href=\"https:\/\/obrzyce.eu\/wp-content\/uploads\/2024\/08\/Informacja-Fanpage-na-Facebook-w.-2.pdf\" data-type=\"URL\" data-id=\"https:\/\/obrzyce.eu\/wp-content\/uploads\/2022\/09\/Obowiazek-informacyjny-dla-uzytkownikow-Fanpage-na-Facebooku.pdf\" target=\"_blank\" rel=\"noreferrer noopener\">Obowi\u0105zek informacyjny dla u\u017cytkownik\u00f3w fanpage na Facebooku <\/a><\/li>\n<\/ul>\n<div class=\"gsp_post_data\" data-post_type=\"page\" data-cat=\"\" data-modified=\"120\" data-title=\"OCHRONA DANYCH OSOBOWYCH\" data-home=\"https:\/\/obrzyce.eu\"><\/div>","protected":false},"excerpt":{"rendered":"<p>1. Inspektor Ochrony Danych (prosz\u0119 klikn\u0105\u0107 link poni\u017cej): 2. Deklaracja Dyrektora (prosz\u0119 klikn\u0105\u0107 link poni\u017cej): 3. Informacja dla Pacjenta dotycz\u0105ca przetwarzania danych osobowych (prosz\u0119 klikn\u0105\u0107 link poni\u017cej): 4. Prawa os\u00f3b, kt\u00f3rych dane dotycz\u0105 &#8211; art. 15-22 RODO (prosz\u0119 klikn\u0105\u0107 link poni\u017cej): 5. Informacja o stosowaniu monitoringu wizyjnego (prosz\u0119 klikn\u0105\u0107 link poni\u017cej): 6. Zg\u0142aszanie incydent\u00f3w bezpiecze\u0144stwa [&hellip;]<\/p>\n","protected":false},"author":3,"featured_media":0,"parent":0,"menu_order":15,"comment_status":"closed","ping_status":"closed","template":"","meta":{"_eb_attr":"","inline_featured_image":false,"footnotes":""},"class_list":["post-3914","page","type-page","status-publish","hentry","clearfix"],"_links":{"self":[{"href":"https:\/\/obrzyce.eu\/index.php\/wp-json\/wp\/v2\/pages\/3914","targetHints":{"allow":["GET"]}}],"collection":[{"href":"https:\/\/obrzyce.eu\/index.php\/wp-json\/wp\/v2\/pages"}],"about":[{"href":"https:\/\/obrzyce.eu\/index.php\/wp-json\/wp\/v2\/types\/page"}],"author":[{"embeddable":true,"href":"https:\/\/obrzyce.eu\/index.php\/wp-json\/wp\/v2\/users\/3"}],"replies":[{"embeddable":true,"href":"https:\/\/obrzyce.eu\/index.php\/wp-json\/wp\/v2\/comments?post=3914"}],"version-history":[{"count":31,"href":"https:\/\/obrzyce.eu\/index.php\/wp-json\/wp\/v2\/pages\/3914\/revisions"}],"predecessor-version":[{"id":8167,"href":"https:\/\/obrzyce.eu\/index.php\/wp-json\/wp\/v2\/pages\/3914\/revisions\/8167"}],"wp:attachment":[{"href":"https:\/\/obrzyce.eu\/index.php\/wp-json\/wp\/v2\/media?parent=3914"}],"curies":[{"name":"wp","href":"https:\/\/api.w.org\/{rel}","templated":true}]}}