{"id":3407,"date":"2022-01-12T19:38:25","date_gmt":"2022-01-12T18:38:25","guid":{"rendered":"https:\/\/obrzyce.eu\/?page_id=3407"},"modified":"2022-01-16T13:28:40","modified_gmt":"2022-01-16T12:28:40","slug":"obrzyczanie-na-starej-fotografii","status":"publish","type":"page","link":"https:\/\/obrzyce.eu\/index.php\/obrzyczanie-na-starej-fotografii\/","title":{"rendered":"STARE FOTOGRAFIE"},"content":{"rendered":"\n<p>Aby rubryka ta mia\u0142a szans\u0119 istnienia potrzebny nam b\u0119dzie dop\u0142yw ciekawych fotografii z odleg\u0142ych czas\u00f3w. Zwracamy si\u0119 wi\u0119c do Was z pro\u015bb\u0105 &#8211; udost\u0119pnijcie je nam. Ukryte w albumach i szufladach ujrz\u0105 ponownie \u015bwiat\u0142o dzienne. Na zdj\u0119cie oczekuje pan Dariusz Nowak &#8211; administracja, pok\u00f3j nr 10 &#8211; w dniach pracy od godz. 7:00 do 14:30. Zwrot zdj\u0119\u0107 w tym samym lub nast\u0119pnym dniu. O ile to mo\u017cliwe prosz\u0119 poda\u0107 dat\u0119 wykonania zdj\u0119\u0107 &#8211; cho\u0107by w przybli\u017ceniu.<br>Oto pierwsze z serii &#8220;Obrzyczanie na starych fotografiach&#8221; zdj\u0119cie i pytanie do czytelnik\u00f3w &#8211; kiedy i z jakiej okazji zosta\u0142o ono zrobione. Wi\u0119kszo\u015b\u0107 widocznych os\u00f3b to nie pracownicy Szpitala, a orkiestra nie jest obrzycka. Jedno jest pewne wykonane zosta\u0142o w pocz\u0105tkowych latach pi\u0119\u0107dziesi\u0105tych XX w. przed rokiem 1954.<\/p>\n\n\n\n<div style=\"height:30px\" aria-hidden=\"true\" class=\"wp-block-spacer\"><\/div>\n\n\n\n<figure class=\"wp-block-image size-full\"><img loading=\"lazy\" decoding=\"async\" width=\"1024\" height=\"623\" src=\"https:\/\/obrzyce.eu\/wp-content\/uploads\/2022\/01\/fot01.jpg\" alt=\"\" class=\"wp-image-3498\" srcset=\"https:\/\/obrzyce.eu\/wp-content\/uploads\/2022\/01\/fot01.jpg 1024w, https:\/\/obrzyce.eu\/wp-content\/uploads\/2022\/01\/fot01-493x300.jpg 493w, https:\/\/obrzyce.eu\/wp-content\/uploads\/2022\/01\/fot01-657x400.jpg 657w, https:\/\/obrzyce.eu\/wp-content\/uploads\/2022\/01\/fot01-768x467.jpg 768w\" sizes=\"auto, (max-width: 1024px) 100vw, 1024px\" \/><\/figure>\n\n\n\n<div style=\"height:30px\" aria-hidden=\"true\" class=\"wp-block-spacer\"><\/div>\n\n\n\n<p><strong>OTWARCIE DOMU SPO\u0141ECZNEGO<\/strong><br><br>Prezentowane zdj\u0119cie pochodzi ze zbior\u00f3w Kazimiery Leopold i upami\u0119tnia otwarcie Domu Spo\u0142ecznego w Obrzycach (bud. nr 22 &#8211; dzi\u015b Szko\u0142a Podstawowa nr 4). Dzi\u0119ki temu zdj\u0119ciu mog\u0119 pokaza\u0107 dzi\u015b twarze dw\u00f3ch os\u00f3b, kt\u00f3rych brakowa\u0142o mi kiedy pisa\u0142em o dziale administr.-gospodarczym i jego kierownikach. Na zdj\u0119ciu trzeci od prawej siedzi Alfons Kozik-Globus, w\u015br\u00f3d stoj\u0105cych po \u015brodku jego nast\u0119pca Romuald Kozicki. Je\u015bli kto\u015b m\u00f3g\u0142by doda\u0107 bli\u017csz\u0105 informacj\u0119 o dzia\u0142alno\u015bci prowadzonej w Domu Spo\u0142ecznym, to oczekujemy:\u00a0<br>D. Nowak pod nr telefonu: 0957428715 w godz. 7:00-14:35<\/p>\n\n\n\n<div style=\"height:30px\" aria-hidden=\"true\" class=\"wp-block-spacer\"><\/div>\n\n\n\n<figure class=\"wp-block-image size-full\"><img loading=\"lazy\" decoding=\"async\" width=\"1024\" height=\"653\" src=\"https:\/\/obrzyce.eu\/wp-content\/uploads\/2022\/01\/fot02.jpg\" alt=\"\" class=\"wp-image-3499\" srcset=\"https:\/\/obrzyce.eu\/wp-content\/uploads\/2022\/01\/fot02.jpg 1024w, https:\/\/obrzyce.eu\/wp-content\/uploads\/2022\/01\/fot02-470x300.jpg 470w, https:\/\/obrzyce.eu\/wp-content\/uploads\/2022\/01\/fot02-627x400.jpg 627w, https:\/\/obrzyce.eu\/wp-content\/uploads\/2022\/01\/fot02-768x490.jpg 768w\" sizes=\"auto, (max-width: 1024px) 100vw, 1024px\" \/><\/figure>\n\n\n\n<div style=\"height:30px\" aria-hidden=\"true\" class=\"wp-block-spacer\"><\/div>\n\n\n\n<p>Zdj\u0119cie ze zbior\u00f3w Kazimiery Leopold. Wykonane w roku 1957. Jak ula\u0142 pasuje tytu\u0142: \u201eApteka, Fizykoterapia i Laboratorium przy rodzinnym stole\u201d. W\u0142a\u015bcicielka zdj\u0119cia widoczna po prawej stronie, przed ni\u0105 z dzieckiem na kolanach siedzi pani M\u0142odkowska. Po \u015brodku siedzi ze skrzy\u017cowanymi r\u0119koma mgr A. \u015awiderski &#8211; pierwszy obrzycki aptekarz.<\/p>\n\n\n\n<div style=\"height:30px\" aria-hidden=\"true\" class=\"wp-block-spacer\"><\/div>\n\n\n\n<figure class=\"wp-block-image size-full\"><img loading=\"lazy\" decoding=\"async\" width=\"1024\" height=\"663\" src=\"https:\/\/obrzyce.eu\/wp-content\/uploads\/2022\/01\/fot03.jpg\" alt=\"\" class=\"wp-image-3500\" srcset=\"https:\/\/obrzyce.eu\/wp-content\/uploads\/2022\/01\/fot03.jpg 1024w, https:\/\/obrzyce.eu\/wp-content\/uploads\/2022\/01\/fot03-463x300.jpg 463w, https:\/\/obrzyce.eu\/wp-content\/uploads\/2022\/01\/fot03-618x400.jpg 618w, https:\/\/obrzyce.eu\/wp-content\/uploads\/2022\/01\/fot03-768x497.jpg 768w\" sizes=\"auto, (max-width: 1024px) 100vw, 1024px\" \/><\/figure>\n\n\n\n<div style=\"height:30px\" aria-hidden=\"true\" class=\"wp-block-spacer\"><\/div>\n\n\n\n<p>Ciekawe zdj\u0119cia zdoby\u0142em dzi\u0119ki uprzejmo\u015bci p. Piotra Ponulaka. Zdj\u0119cia przedstawiaj\u0105\u00a0wizyt\u0119 za\u0142ogi \u201eRudego\u201d z filmu: \u201eCzterej pancerni i pies\u201d na stadionie obrzyckim. Zdj\u0119cia zrobione zosta\u0142y przez ojca p. Piotra w ko\u0144cowych latach 60-tych. Co do dok\u0142adnej daty i wra\u017ce\u0144 z tego spotkania prosz\u0119 naszych czytelnik\u00f3w o pomoc, mo\u017ce kto\u015b posiada autografy z dat\u0105, mo\u017ce jeszcze inne zdj\u0119cia. Z mi\u0142\u0105 ch\u0119ci\u0105 umie\u015bcimy je na \u0142amach naszej gazetki i na stronie internetowej Szpitala.<\/p>\n\n\n\n<div style=\"height:30px\" aria-hidden=\"true\" class=\"wp-block-spacer\"><\/div>\n\n\n\n<figure class=\"wp-block-gallery columns-3 is-cropped wp-block-gallery-1 is-layout-flex wp-block-gallery-is-layout-flex\"><ul class=\"blocks-gallery-grid\"><li class=\"blocks-gallery-item\"><figure><img loading=\"lazy\" decoding=\"async\" width=\"1024\" height=\"661\" src=\"https:\/\/obrzyce.eu\/wp-content\/uploads\/2022\/01\/fot4c.jpg\" alt=\"\" data-id=\"3501\" data-full-url=\"https:\/\/obrzyce.eu\/wp-content\/uploads\/2022\/01\/fot4c.jpg\" data-link=\"https:\/\/obrzyce.eu\/index.php\/obrzyczanie-na-starej-fotografii\/fot4c\/\" class=\"wp-image-3501\" srcset=\"https:\/\/obrzyce.eu\/wp-content\/uploads\/2022\/01\/fot4c.jpg 1024w, https:\/\/obrzyce.eu\/wp-content\/uploads\/2022\/01\/fot4c-465x300.jpg 465w, https:\/\/obrzyce.eu\/wp-content\/uploads\/2022\/01\/fot4c-620x400.jpg 620w, https:\/\/obrzyce.eu\/wp-content\/uploads\/2022\/01\/fot4c-768x496.jpg 768w\" sizes=\"auto, (max-width: 1024px) 100vw, 1024px\" \/><\/figure><\/li><li class=\"blocks-gallery-item\"><figure><img loading=\"lazy\" decoding=\"async\" width=\"653\" height=\"1024\" src=\"https:\/\/obrzyce.eu\/wp-content\/uploads\/2022\/01\/fot4b.jpg\" alt=\"\" data-id=\"3502\" data-full-url=\"https:\/\/obrzyce.eu\/wp-content\/uploads\/2022\/01\/fot4b.jpg\" data-link=\"https:\/\/obrzyce.eu\/index.php\/obrzyczanie-na-starej-fotografii\/fot4b\/\" class=\"wp-image-3502\" srcset=\"https:\/\/obrzyce.eu\/wp-content\/uploads\/2022\/01\/fot4b.jpg 653w, https:\/\/obrzyce.eu\/wp-content\/uploads\/2022\/01\/fot4b-191x300.jpg 191w, https:\/\/obrzyce.eu\/wp-content\/uploads\/2022\/01\/fot4b-255x400.jpg 255w\" sizes=\"auto, (max-width: 653px) 100vw, 653px\" \/><\/figure><\/li><li class=\"blocks-gallery-item\"><figure><img loading=\"lazy\" decoding=\"async\" width=\"619\" height=\"400\" src=\"https:\/\/obrzyce.eu\/wp-content\/uploads\/2022\/01\/fot4a-619x400.jpg\" alt=\"\" data-id=\"3503\" data-full-url=\"https:\/\/obrzyce.eu\/wp-content\/uploads\/2022\/01\/fot4a.jpg\" data-link=\"https:\/\/obrzyce.eu\/index.php\/obrzyczanie-na-starej-fotografii\/fot4a\/\" class=\"wp-image-3503\" srcset=\"https:\/\/obrzyce.eu\/wp-content\/uploads\/2022\/01\/fot4a-619x400.jpg 619w, https:\/\/obrzyce.eu\/wp-content\/uploads\/2022\/01\/fot4a-464x300.jpg 464w, https:\/\/obrzyce.eu\/wp-content\/uploads\/2022\/01\/fot4a-768x497.jpg 768w, https:\/\/obrzyce.eu\/wp-content\/uploads\/2022\/01\/fot4a.jpg 1024w\" sizes=\"auto, (max-width: 619px) 100vw, 619px\" \/><\/figure><\/li><\/ul><\/figure>\n\n\n\n<div style=\"height:30px\" aria-hidden=\"true\" class=\"wp-block-spacer\"><\/div>\n\n\n\n<p>Prezentowane\u00a0zdj\u0119cie to &#8211; rodzinna fotografia &#8211; pracownik\u00f3w Warsztat\u00f3w Terapii Zaj\u0119ciowej z pocz\u0105tku lat 60-tych ub.w. Niezorientowanym przypomn\u0119, \u017ce zwane w skr\u00f3cie WTZ by\u0142y gospodarstwem pomocniczym tzn. wydzielon\u0105 poza bud\u017cet cz\u0119\u015bci\u0105 dzia\u0142alno\u015bci Szpitala. By\u0142a to dzia\u0142alno\u015b\u0107 produkcyjna i us\u0142ugowa \u015bwiadczona na rzecz Szpitala, innych jednostek gospodarczych, a tak\u017ce os\u00f3b prywatnych. Zysk wypracowany przez to gospodarstwo pomocnicze przeznaczony by\u0142 w okre\u015blonym procencie na polepszenie wy\u017cywienia pacjent\u00f3w Szpitala. Tyle obja\u015bnienia nazwy WTZ &#8211; kt\u00f3rego w cz\u0119\u015bci zabrak\u0142o w \u201eDziejach Szpitala\u201d W. Dramowicza. Poza kierownikami wspomnianymi w ksi\u0105\u017cce w pocz\u0105tkowym okresie WTZ-tami kierowali tak\u017ce Kazimierz Zimny (na zdj\u0119ciu siedzi po prawej stronie) oraz Boles\u0142aw Kici\u0144ski. Starsi czytelnicy z pewno\u015bci\u0105 rozpoznaj\u0105 wszystkie osoby, dlatego nie podaj\u0119 te\u017c ich nazwisk. Nie s\u0105 to tak\u017ce wszyscy \u201eale wi\u0119kszo\u015b\u0107 na pewno\u201d.<em> <\/em><\/p>\n\n\n\n<div style=\"height:30px\" aria-hidden=\"true\" class=\"wp-block-spacer\"><\/div>\n\n\n\n<figure class=\"wp-block-image size-full\"><img loading=\"lazy\" decoding=\"async\" width=\"1024\" height=\"636\" src=\"https:\/\/obrzyce.eu\/wp-content\/uploads\/2022\/01\/foto05.jpg\" alt=\"\" class=\"wp-image-3504\" srcset=\"https:\/\/obrzyce.eu\/wp-content\/uploads\/2022\/01\/foto05.jpg 1024w, https:\/\/obrzyce.eu\/wp-content\/uploads\/2022\/01\/foto05-483x300.jpg 483w, https:\/\/obrzyce.eu\/wp-content\/uploads\/2022\/01\/foto05-644x400.jpg 644w, https:\/\/obrzyce.eu\/wp-content\/uploads\/2022\/01\/foto05-768x477.jpg 768w\" sizes=\"auto, (max-width: 1024px) 100vw, 1024px\" \/><\/figure>\n\n\n\n<div style=\"height:30px\" aria-hidden=\"true\" class=\"wp-block-spacer\"><\/div>\n\n\n\n<p>Przedstawiam naszym czytelnikom dwa zdj\u0119cia ze zbior\u00f3w Pani Teresy Latuszek. Pochodz\u0105 one, no w\u0142a\u015bnie, tu mam problem z ustaleniem konkretnej daty oraz okoliczno\u015bci, na kt\u00f3re zosta\u0142y one wykonane. Na dwadzie\u015bcia dwie osoby na zdj\u0119ciu nr 6a rozpoznaje bezb\u0142\u0119dnie dwadzie\u015bcia. Na sze\u015b\u0107 twarzy na zdj\u0119ciu nr 6b nie rozpoznaj\u0119 dw\u00f3ch &#8211; widocznych na drugim planie.<br>Zdj\u0119cia, jak przypuszczam, zosta\u0142y wykonane po 1965 a przed 1968r. \u015awiadczy o tym obecno\u015b\u0107 na pierwszym zdj\u0119ciu dr Sylwestra Matuszewskiego, kt\u00f3ry w\u0142a\u015bnie w tym okresie pracowa\u0142 w Obrzycach. Je\u015bli natomiast idzie o okazj\u0119, przy kt\u00f3rej zosta\u0142y wykonane i kt\u00f3r\u0105 mia\u0142o upami\u0119tni\u0107, to s\u0105dz\u0119 i\u017c by\u0142a to zorganizowana w 1966r. sztafeta z okazji Tysi\u0105clecia Pa\u0144stwa Polskiego. Je\u015bli jestem w b\u0142\u0119dzie prosz\u0119 o sprostowanie. Oczekuj\u0119 tak\u017ce odpowiedzi na nurtuj\u0105ce mnie pytanie &#8211; z jakiej \u201eformacji\u201d pochodzi\u0142y umundurowania uczestnik\u00f3w sztafety bowiem widoczne na beretach emblematy nie s\u0105 do \u201erozszyfrowania\u201d.<\/p>\n\n\n\n<div style=\"height:30px\" aria-hidden=\"true\" class=\"wp-block-spacer\"><\/div>\n\n\n\n<figure class=\"wp-block-gallery columns-2 is-cropped wp-block-gallery-2 is-layout-flex wp-block-gallery-is-layout-flex\"><ul class=\"blocks-gallery-grid\"><li class=\"blocks-gallery-item\"><figure><img loading=\"lazy\" decoding=\"async\" width=\"981\" height=\"668\" src=\"https:\/\/obrzyce.eu\/wp-content\/uploads\/2022\/01\/foto6b.jpg\" alt=\"\" data-id=\"3505\" data-full-url=\"https:\/\/obrzyce.eu\/wp-content\/uploads\/2022\/01\/foto6b.jpg\" data-link=\"https:\/\/obrzyce.eu\/index.php\/obrzyczanie-na-starej-fotografii\/foto6b\/\" class=\"wp-image-3505\" srcset=\"https:\/\/obrzyce.eu\/wp-content\/uploads\/2022\/01\/foto6b.jpg 981w, https:\/\/obrzyce.eu\/wp-content\/uploads\/2022\/01\/foto6b-441x300.jpg 441w, https:\/\/obrzyce.eu\/wp-content\/uploads\/2022\/01\/foto6b-587x400.jpg 587w, https:\/\/obrzyce.eu\/wp-content\/uploads\/2022\/01\/foto6b-768x523.jpg 768w\" sizes=\"auto, (max-width: 981px) 100vw, 981px\" \/><\/figure><\/li><li class=\"blocks-gallery-item\"><figure><img loading=\"lazy\" decoding=\"async\" width=\"591\" height=\"400\" src=\"https:\/\/obrzyce.eu\/wp-content\/uploads\/2022\/01\/foto6a-591x400.jpg\" alt=\"\" data-id=\"3506\" data-full-url=\"https:\/\/obrzyce.eu\/wp-content\/uploads\/2022\/01\/foto6a.jpg\" data-link=\"https:\/\/obrzyce.eu\/index.php\/obrzyczanie-na-starej-fotografii\/foto6a\/\" class=\"wp-image-3506\" srcset=\"https:\/\/obrzyce.eu\/wp-content\/uploads\/2022\/01\/foto6a-591x400.jpg 591w, https:\/\/obrzyce.eu\/wp-content\/uploads\/2022\/01\/foto6a-443x300.jpg 443w, https:\/\/obrzyce.eu\/wp-content\/uploads\/2022\/01\/foto6a-768x520.jpg 768w, https:\/\/obrzyce.eu\/wp-content\/uploads\/2022\/01\/foto6a.jpg 981w\" sizes=\"auto, (max-width: 591px) 100vw, 591px\" \/><\/figure><\/li><\/ul><\/figure>\n\n\n\n<div style=\"height:30px\" aria-hidden=\"true\" class=\"wp-block-spacer\"><\/div>\n\n\n\n<p>Przedstawiam\u00a0Pa\u0144stwu licz\u0105ce dok\u0142adnie 30 lat zdj\u0119cie, na kt\u00f3rym bez trudu do rozpoznania jest mgr Mieczys\u0142aw Kopacz &#8211; jedyny na tym zdj\u0119ciu m\u0119\u017cczyzna &#8211; w owym czasie wyk\u0142adaj\u0105cy histori\u0119 w obrzyckim Liceum Medycznym. W\u015br\u00f3d uczennic klasy III w roku szkolnym 1977\/78 (ostatnim w Obrzycach) proponuj\u0119 pa\u0144stwu odszukanie dw\u00f3ch pracuj\u0105cych w obrzyckim Szpitalu piel\u0119gniarek &#8211; pani Jolanty Kosickiej i Lidii Skulimowskiej.<\/p>\n\n\n\n<div style=\"height:30px\" aria-hidden=\"true\" class=\"wp-block-spacer\"><\/div>\n\n\n\n<figure class=\"wp-block-image size-full\"><img loading=\"lazy\" decoding=\"async\" width=\"1024\" height=\"720\" src=\"https:\/\/obrzyce.eu\/wp-content\/uploads\/2022\/01\/foto07.jpg\" alt=\"\" class=\"wp-image-3507\" srcset=\"https:\/\/obrzyce.eu\/wp-content\/uploads\/2022\/01\/foto07.jpg 1024w, https:\/\/obrzyce.eu\/wp-content\/uploads\/2022\/01\/foto07-427x300.jpg 427w, https:\/\/obrzyce.eu\/wp-content\/uploads\/2022\/01\/foto07-569x400.jpg 569w, https:\/\/obrzyce.eu\/wp-content\/uploads\/2022\/01\/foto07-768x540.jpg 768w\" sizes=\"auto, (max-width: 1024px) 100vw, 1024px\" \/><\/figure>\n\n\n\n<div style=\"height:30px\" aria-hidden=\"true\" class=\"wp-block-spacer\"><\/div>\n<div class=\"gsp_post_data\" data-post_type=\"page\" data-cat=\"\" data-modified=\"120\" data-title=\"STARE FOTOGRAFIE\" data-home=\"https:\/\/obrzyce.eu\"><\/div>","protected":false},"excerpt":{"rendered":"<p>Aby rubryka ta mia\u0142a szans\u0119 istnienia potrzebny nam b\u0119dzie dop\u0142yw ciekawych fotografii z odleg\u0142ych czas\u00f3w. Zwracamy si\u0119 wi\u0119c do Was z pro\u015bb\u0105 &#8211; udost\u0119pnijcie je nam. Ukryte w albumach i szufladach ujrz\u0105 ponownie \u015bwiat\u0142o dzienne. Na zdj\u0119cie oczekuje pan Dariusz Nowak &#8211; administracja, pok\u00f3j nr 10 &#8211; w dniach pracy od godz. 7:00 do 14:30. [&hellip;]<\/p>\n","protected":false},"author":1,"featured_media":0,"parent":0,"menu_order":50,"comment_status":"closed","ping_status":"closed","template":"","meta":{"_eb_attr":"","inline_featured_image":false,"footnotes":""},"class_list":["post-3407","page","type-page","status-publish","hentry","clearfix"],"_links":{"self":[{"href":"https:\/\/obrzyce.eu\/index.php\/wp-json\/wp\/v2\/pages\/3407","targetHints":{"allow":["GET"]}}],"collection":[{"href":"https:\/\/obrzyce.eu\/index.php\/wp-json\/wp\/v2\/pages"}],"about":[{"href":"https:\/\/obrzyce.eu\/index.php\/wp-json\/wp\/v2\/types\/page"}],"author":[{"embeddable":true,"href":"https:\/\/obrzyce.eu\/index.php\/wp-json\/wp\/v2\/users\/1"}],"replies":[{"embeddable":true,"href":"https:\/\/obrzyce.eu\/index.php\/wp-json\/wp\/v2\/comments?post=3407"}],"version-history":[{"count":3,"href":"https:\/\/obrzyce.eu\/index.php\/wp-json\/wp\/v2\/pages\/3407\/revisions"}],"predecessor-version":[{"id":3508,"href":"https:\/\/obrzyce.eu\/index.php\/wp-json\/wp\/v2\/pages\/3407\/revisions\/3508"}],"wp:attachment":[{"href":"https:\/\/obrzyce.eu\/index.php\/wp-json\/wp\/v2\/media?parent=3407"}],"curies":[{"name":"wp","href":"https:\/\/api.w.org\/{rel}","templated":true}]}}