{"id":3100,"date":"2021-12-29T14:26:13","date_gmt":"2021-12-29T13:26:13","guid":{"rendered":"https:\/\/obrzyce.eu\/?page_id=3100"},"modified":"2021-12-29T14:30:22","modified_gmt":"2021-12-29T13:30:22","slug":"zostan-darczynca","status":"publish","type":"page","link":"https:\/\/obrzyce.eu\/index.php\/zostan-darczynca\/","title":{"rendered":"ZOSTA\u0143 DARCZY\u0143C\u0104"},"content":{"rendered":"\n<p>Nasz Szpital bardzo cz\u0119sto jest domem dla swych pacjent\u00f3w. W\u015br\u00f3d nich s\u0105 osoby samotne, kt\u00f3re nie maj\u0105 \u017cadnej rodziny b\u0105d\u017a, z kt\u00f3rymi rodzina nie utrzymuje \u017cadnego kontaktu. Dlatego te\u017c Szpital musi zapewni\u0107 wszystkie ich potrzeby.<br>Oczywi\u015bcie staramy si\u0119 to czyni\u0107. Jednak trudna sytuacja finansowa ca\u0142ej s\u0142u\u017cby zdrowia, w tym i naszego Szpitala, bardzo ogranicza nasze mo\u017cliwo\u015bci w tym zakresie. W zwi\u0105zku z tym zwracamy si\u0119 z apelem do wszystkich ludzi dobrego serca, kt\u00f3rzy chc\u0105 i mog\u0105 pom\u00f3c naszym chorym.<br><br>Nasze potrzeby:<br>&#8211; po\u015bciel,<br>&#8211; r\u0119czniki,<br>&#8211; pi\u017camy,<br>&#8211; kapcie,<br>&#8211; dresy,<br>&#8211; bielizna osobista,<br>&#8211; odzie\u017c (spodnie, swetry, bluzki, kurtki)<br>&#8211; obuwie,<br>&#8211; meble (\u0142\u00f3\u017cka, stoliki nocne, sto\u0142y, krzes\u0142a, \u2026)<br>&#8211; sprz\u0119t TV,<br>&#8211; sprz\u0119t AGD.<br>&#8211; firany,<br>&#8211; naczynia (talerze, sztu\u0107ce, kubki, itd&#8230;),<br>&#8211; materia\u0142y do remont\u00f3w (farby, kleje, zaprawy, p\u0142ytki, itp&#8230;),<br>&#8211; wyk\u0142adziny,<br><br>B\u0119dziemy r\u00f3wnie\u017c wdzi\u0119czni za pomoc finansow\u0105.<br><\/p>\n\n\n\n<p>Nasz numer konta:<br>BG\u017b O\/Mi\u0119dzyrzecz 42203000451110000001231540<\/p>\n\n\n\n<p>Dzi\u0119kujemy wszystkim, kt\u00f3rzy przyjd\u0105 z pomoc\u0105 naszym chorym<br><\/p>\n\n\n\n<blockquote class=\"wp-block-quote is-layout-flow wp-block-quote-is-layout-flow\"><p>&#8220;KT\u00d3RZY WI\u0118CEJ CZUJ\u0104 I INACZEJ ROZUMIEJ\u0104 I DLATEGO<br>BARDZIEJ CIERPI\u0104&#8230;&#8221;<br>\u00a0\u00a0\u00a0\u00a0\u00a0\u00a0\u00a0\u00a0\u00a0\u00a0\u00a0\u00a0\u00a0\u00a0\u00a0\u00a0\u00a0\u00a0\u00a0\u00a0\u00a0\u00a0\u00a0\u00a0\u00a0\u00a0\u00a0\u00a0\u00a0\u00a0\u00a0\u00a0\u00a0\u00a0\u00a0\u00a0\u00a0\u00a0\u00a0\u00a0\u00a0\u00a0\u00a0\u00a0\u00a0\u00a0\u00a0\u00a0\u00a0\u00a0\u00a0\u00a0\u00a0\u00a0\u00a0\u00a0\u00a0\u00a0\u00a0\u00a0\u00a0\u00a0\u00a0\u00a0\u00a0\u00a0\/A. K\u0119pi\u0144ski\/<\/p><\/blockquote>\n<div class=\"gsp_post_data\" data-post_type=\"page\" data-cat=\"\" data-modified=\"120\" data-title=\"ZOSTA\u0143 DARCZY\u0143C\u0104\" data-home=\"https:\/\/obrzyce.eu\"><\/div>","protected":false},"excerpt":{"rendered":"<p>Nasz Szpital bardzo cz\u0119sto jest domem dla swych pacjent\u00f3w. W\u015br\u00f3d nich s\u0105 osoby samotne, kt\u00f3re nie maj\u0105 \u017cadnej rodziny b\u0105d\u017a, z kt\u00f3rymi rodzina nie utrzymuje \u017cadnego kontaktu. Dlatego te\u017c Szpital musi zapewni\u0107 wszystkie ich potrzeby.Oczywi\u015bcie staramy si\u0119 to czyni\u0107. Jednak trudna sytuacja finansowa ca\u0142ej s\u0142u\u017cby zdrowia, w tym i naszego Szpitala, bardzo ogranicza nasze mo\u017cliwo\u015bci [&hellip;]<\/p>\n","protected":false},"author":1,"featured_media":0,"parent":0,"menu_order":56,"comment_status":"closed","ping_status":"closed","template":"","meta":{"_eb_attr":"","inline_featured_image":false,"footnotes":""},"class_list":["post-3100","page","type-page","status-publish","hentry","clearfix"],"_links":{"self":[{"href":"https:\/\/obrzyce.eu\/index.php\/wp-json\/wp\/v2\/pages\/3100","targetHints":{"allow":["GET"]}}],"collection":[{"href":"https:\/\/obrzyce.eu\/index.php\/wp-json\/wp\/v2\/pages"}],"about":[{"href":"https:\/\/obrzyce.eu\/index.php\/wp-json\/wp\/v2\/types\/page"}],"author":[{"embeddable":true,"href":"https:\/\/obrzyce.eu\/index.php\/wp-json\/wp\/v2\/users\/1"}],"replies":[{"embeddable":true,"href":"https:\/\/obrzyce.eu\/index.php\/wp-json\/wp\/v2\/comments?post=3100"}],"version-history":[{"count":3,"href":"https:\/\/obrzyce.eu\/index.php\/wp-json\/wp\/v2\/pages\/3100\/revisions"}],"predecessor-version":[{"id":3105,"href":"https:\/\/obrzyce.eu\/index.php\/wp-json\/wp\/v2\/pages\/3100\/revisions\/3105"}],"wp:attachment":[{"href":"https:\/\/obrzyce.eu\/index.php\/wp-json\/wp\/v2\/media?parent=3100"}],"curies":[{"name":"wp","href":"https:\/\/api.w.org\/{rel}","templated":true}]}}