{"id":3037,"date":"2021-12-29T12:20:52","date_gmt":"2021-12-29T11:20:52","guid":{"rendered":"https:\/\/obrzyce.eu\/?page_id=3037"},"modified":"2021-12-29T12:47:27","modified_gmt":"2021-12-29T11:47:27","slug":"gabinet-pielegniarki-epidemiologicznej","status":"publish","type":"page","link":"https:\/\/obrzyce.eu\/index.php\/gabinet-pielegniarki-epidemiologicznej\/","title":{"rendered":"GABINET PIEL\u0118GNIARKI EPIDEMIOLOGICZNEJ"},"content":{"rendered":"\n<p><strong>Gabinet piel\u0119gniarki epidemiologicznej<\/strong>&nbsp;w SPSNPCH w Mi\u0119dzyrzeczu jest kom\u00f3rk\u0105, koordynuj\u0105c\u0105 dzia\u0142ania zapobiegaj\u0105ce szerzeniu si\u0119 zaka\u017ce\u0144 i chor\u00f3b zaka\u017anych, poprzez:<br><br>&#8211; ocen\u0119 ryzyka wyst\u0105pienia zaka\u017cenia zwi\u0105zanego z wykonywaniem \u015bwiadcze\u0144 zdrowotnych,<br>&#8211; monitorowanie czynnik\u00f3w alarmowych i zaka\u017ce\u0144 zwi\u0105zanych z udzielaniem \u015bwiadcze\u0144 zdrowotnych w zakresie wykonywanych us\u0142ug,<br>&#8211; opracowywanie, wdra\u017canie i nadz\u00f3r nad procedurami zapobiegaj\u0105cymi zaka\u017ceniom i chorobom zaka\u017anym.<\/p>\n\n\n\n<p>W oparciu o Ustaw\u0119 z dnia 5 grudnia 2008 r o zapobieganiu oraz zwalczaniu zaka\u017ce\u0144 i chor\u00f3b zaka\u017anych u ludzi&nbsp; oraz Rozporz\u0105dzenie Ministra Zdrowia z dnia 21 grudnia 2004 r w sprawie kwalifikacji cz\u0142onk\u00f3w Zespo\u0142u Kontroli Zaka\u017ce\u0144 Zak\u0142adowych powo\u0142ane zosta\u0142y w tutejszym szpitalu Komitet Kontroli Zaka\u017ce\u0144 Zak\u0142adowych oraz Zesp\u00f3\u0142 Kontroli Zaka\u017ce\u0144 Zak\u0142adowych.&nbsp;<br><br><strong>Do zada\u0144 ZKZZ nale\u017cy:<\/strong><br>&#8211; nadz\u00f3r nad przestrzeganiem procedur zapewniaj\u0105cych ochron\u0119 przed zaka\u017ceniami zak\u0142adowymi,<br>&#8211; analiza wyst\u0119puj\u0105cych zaka\u017ce\u0144 zak\u0142adowych,<br>&#8211; opracowywanie raport\u00f3w o wyst\u0119powaniu zaka\u017ce\u0144 zak\u0142adowych,<br>&#8211; szkolenie personelu w zakresie zasad, praktyki i metod kontroli zaka\u017ce\u0144 zak\u0142adowych.<br><br><strong>Do zada\u0144 KKZZ nale\u017cy:<\/strong><br>&#8211; planowanie, ocena i wdra\u017canie metod kontroli zaka\u017ce\u0144 zak\u0142adowych,<br>&#8211; podejmowanie decyzji o rozdziale \u015brodk\u00f3w finansowych przeznaczonych na w\/w zadania.<\/p>\n\n\n\n<p>Dzi\u0119ki monitorowaniu sytuacji epidemiologicznej chor\u00f3b zaka\u017anych i systemowi wczesnego powiadamiania o zagro\u017ceniu epidemicznym tworzy si\u0119 sie\u0107 nadzoru epidemiologicznego i kontroli chor\u00f3b zaka\u017anych w kraju.<br><\/p>\n\n\n\n<div style=\"height:30px\" aria-hidden=\"true\" class=\"wp-block-spacer\"><\/div>\n\n\n\n<hr class=\"wp-block-separator has-text-color has-background has-vivid-cyan-blue-background-color has-vivid-cyan-blue-color is-style-wide\"\/>\n\n\n\n<div style=\"height:30px\" aria-hidden=\"true\" class=\"wp-block-spacer\"><\/div>\n\n\n\n<h2 class=\"wp-block-heading\"><strong>Gabinet Promocji Zdrowia\u00a0<\/strong><\/h2>\n\n\n\n<p id=\"block-87e405f2-c4ad-4bce-880e-59c8b0154a78\">koncentruje si\u0119 na dzia\u0142aniach znacz\u0105cych dla umacniania zdrowia, tj. na &#8220;dodawaniu zdrowia do zdrowia, przybli\u017caniu stanu zdrowia do jego mo\u017cliwego maksimum&#8221;<br><br><strong>G\u0142\u00f3wnym celem<\/strong>\u00a0promowania zdrowia jest pomaganie ludziom przez budzenie konieczno\u015bci motywacji do podejmowania decyzji w\u0142asnych w sprawie stylu \u017cycia, wtedy, gdy jeszcze nie wyst\u0119puj\u0105 u nich \u017cadne symptomy choroby.<br><br>Koncepcja promowania zdrowia za podstawow\u0105 zasad\u0119 przyjmuje odpowiedzialno\u015b\u0107 ka\u017cdego cz\u0142owieka za w\u0142asne zdrowie. Do podstawowych zasad zalicza si\u0119 tak\u017ce: w\u0142a\u015bciwe \u017cywienie, podejmowanie aktywno\u015bci fizycznej i radzenia sobie ze stresem.<br><br>Dzia\u0142alno\u015b\u0107 w zakresie promowania zdrowia podejmowana jest w stosunku do os\u00f3b hospitalizowanych.<\/p>\n\n\n\n<p><br><strong>Gabinet czynny jest od poniedzia\u0142ku do pi\u0105tku w godz. 7<sup>00\u00a0<\/sup>\u2013 14<sup>00<\/sup>\u00a0\u00a0<\/strong><\/p>\n\n\n\n<p><strong>Piel\u0119gniarka Epidemiologiczna i Promocji Zdrowia\u00a0Barbara Baranowicz\u00a0<\/strong><\/p>\n\n\n\n<p><strong>tel. (95) 7428 760<br><br><\/strong><a href=\"mailto:p.epi@obrzyce.eu\"><strong>epi@obrzyce.eu<\/strong><\/a><\/p>\n<div class=\"gsp_post_data\" data-post_type=\"page\" data-cat=\"\" data-modified=\"120\" data-title=\"GABINET PIEL\u0118GNIARKI EPIDEMIOLOGICZNEJ\" data-home=\"https:\/\/obrzyce.eu\"><\/div>","protected":false},"excerpt":{"rendered":"<p>Gabinet piel\u0119gniarki epidemiologicznej&nbsp;w SPSNPCH w Mi\u0119dzyrzeczu jest kom\u00f3rk\u0105, koordynuj\u0105c\u0105 dzia\u0142ania zapobiegaj\u0105ce szerzeniu si\u0119 zaka\u017ce\u0144 i chor\u00f3b zaka\u017anych, poprzez: &#8211; ocen\u0119 ryzyka wyst\u0105pienia zaka\u017cenia zwi\u0105zanego z wykonywaniem \u015bwiadcze\u0144 zdrowotnych,&#8211; monitorowanie czynnik\u00f3w alarmowych i zaka\u017ce\u0144 zwi\u0105zanych z udzielaniem \u015bwiadcze\u0144 zdrowotnych w zakresie wykonywanych us\u0142ug,&#8211; opracowywanie, wdra\u017canie i nadz\u00f3r nad procedurami zapobiegaj\u0105cymi zaka\u017ceniom i chorobom zaka\u017anym. W oparciu [&hellip;]<\/p>\n","protected":false},"author":1,"featured_media":0,"parent":0,"menu_order":27,"comment_status":"closed","ping_status":"closed","template":"","meta":{"_eb_attr":"","inline_featured_image":false,"footnotes":""},"class_list":["post-3037","page","type-page","status-publish","hentry","clearfix"],"_links":{"self":[{"href":"https:\/\/obrzyce.eu\/index.php\/wp-json\/wp\/v2\/pages\/3037","targetHints":{"allow":["GET"]}}],"collection":[{"href":"https:\/\/obrzyce.eu\/index.php\/wp-json\/wp\/v2\/pages"}],"about":[{"href":"https:\/\/obrzyce.eu\/index.php\/wp-json\/wp\/v2\/types\/page"}],"author":[{"embeddable":true,"href":"https:\/\/obrzyce.eu\/index.php\/wp-json\/wp\/v2\/users\/1"}],"replies":[{"embeddable":true,"href":"https:\/\/obrzyce.eu\/index.php\/wp-json\/wp\/v2\/comments?post=3037"}],"version-history":[{"count":4,"href":"https:\/\/obrzyce.eu\/index.php\/wp-json\/wp\/v2\/pages\/3037\/revisions"}],"predecessor-version":[{"id":3051,"href":"https:\/\/obrzyce.eu\/index.php\/wp-json\/wp\/v2\/pages\/3037\/revisions\/3051"}],"wp:attachment":[{"href":"https:\/\/obrzyce.eu\/index.php\/wp-json\/wp\/v2\/media?parent=3037"}],"curies":[{"name":"wp","href":"https:\/\/api.w.org\/{rel}","templated":true}]}}