{"id":3035,"date":"2021-12-29T12:20:26","date_gmt":"2021-12-29T11:20:26","guid":{"rendered":"https:\/\/obrzyce.eu\/?page_id=3035"},"modified":"2021-12-29T12:31:48","modified_gmt":"2021-12-29T11:31:48","slug":"apteka","status":"publish","type":"page","link":"https:\/\/obrzyce.eu\/index.php\/apteka\/","title":{"rendered":"APTEKA"},"content":{"rendered":"\n<p><strong>Szpital posiada Aptek\u0119 Szpitaln\u0105 typu \u201eA\u201d<\/strong>\u00a0&#8211; to jest o pe\u0142nym zakresie czynno\u015bci. Apteka zaopatruje wszystkie Oddzia\u0142y i Kom\u00f3rki Szpitala w leki i opatrunki. Ilo\u015b\u0107 pozycji lek\u00f3w waha si\u0119 od 600-700 w tym leki psychiatryczne najnowszej generacji. Dysponujemy aktualn\u0105 najnowsz\u0105 literatur\u0105 fachow\u0105. Wyposa\u017cenie apteki w pe\u0142ni odpowiada normom. Apteka zatrudnia 4 pracownik\u00f3w fachowych \u2013 mgr farmacji z II\u00b0 specjalizacji i 3 starszych technik\u00f3w farmacji. Apteka pracuje 5 dni w tygodniu. W soboty i w niedziele oraz po godzinach pracy jeden z pracownik\u00f3w jest dost\u0119pny telefonicznie.<\/p>\n\n\n\n<p>Szpital posiada r\u00f3wnie\u017c \u201eAptek\u0119 og\u00f3lnodost\u0119pn\u0105\u201d. Apteka ta wydaje leki na recepty oraz prowadzi leki do sprzeda\u017cy odr\u0119cznej, czyli OTC, paraleki i opatrunki, drobny sprz\u0119t medyczny i kosmetyki lecznicze. Apteka Og\u00f3lnodost\u0119pna jest typu \u201eB\u201d, posiada koncesj\u0119 FAGO\/9211\/K\/5\/96 wydan\u0105 przez Wojew\u00f3dzki Inspektorat Farmaceutyczny w Gorzowie Wlkp.<\/p>\n\n\n\n<p><strong>Apteka pracuje\u00a0od poniedzia\u0142ku do pi\u0105tku w godz. \u00a08<sup>oo<\/sup>\u00a0 &#8211;\u00a015\u00ba\u00ba\u00a0<br><br>Kierownik Apteki\u00a0<\/strong><br>tel. (95) 7428 761<strong><br>Apteka<\/strong><br>tel. (95) 7428 762<\/p>\n\n\n\n<p><\/p>\n<div class=\"gsp_post_data\" data-post_type=\"page\" data-cat=\"\" data-modified=\"120\" data-title=\"APTEKA\" data-home=\"https:\/\/obrzyce.eu\"><\/div>","protected":false},"excerpt":{"rendered":"<p>Szpital posiada Aptek\u0119 Szpitaln\u0105 typu \u201eA\u201d\u00a0&#8211; to jest o pe\u0142nym zakresie czynno\u015bci. Apteka zaopatruje wszystkie Oddzia\u0142y i Kom\u00f3rki Szpitala w leki i opatrunki. Ilo\u015b\u0107 pozycji lek\u00f3w waha si\u0119 od 600-700 w tym leki psychiatryczne najnowszej generacji. Dysponujemy aktualn\u0105 najnowsz\u0105 literatur\u0105 fachow\u0105. Wyposa\u017cenie apteki w pe\u0142ni odpowiada normom. Apteka zatrudnia 4 pracownik\u00f3w fachowych \u2013 mgr farmacji [&hellip;]<\/p>\n","protected":false},"author":1,"featured_media":0,"parent":0,"menu_order":18,"comment_status":"closed","ping_status":"closed","template":"","meta":{"_eb_attr":"","inline_featured_image":false,"footnotes":""},"class_list":["post-3035","page","type-page","status-publish","hentry","clearfix"],"_links":{"self":[{"href":"https:\/\/obrzyce.eu\/index.php\/wp-json\/wp\/v2\/pages\/3035","targetHints":{"allow":["GET"]}}],"collection":[{"href":"https:\/\/obrzyce.eu\/index.php\/wp-json\/wp\/v2\/pages"}],"about":[{"href":"https:\/\/obrzyce.eu\/index.php\/wp-json\/wp\/v2\/types\/page"}],"author":[{"embeddable":true,"href":"https:\/\/obrzyce.eu\/index.php\/wp-json\/wp\/v2\/users\/1"}],"replies":[{"embeddable":true,"href":"https:\/\/obrzyce.eu\/index.php\/wp-json\/wp\/v2\/comments?post=3035"}],"version-history":[{"count":4,"href":"https:\/\/obrzyce.eu\/index.php\/wp-json\/wp\/v2\/pages\/3035\/revisions"}],"predecessor-version":[{"id":3045,"href":"https:\/\/obrzyce.eu\/index.php\/wp-json\/wp\/v2\/pages\/3035\/revisions\/3045"}],"wp:attachment":[{"href":"https:\/\/obrzyce.eu\/index.php\/wp-json\/wp\/v2\/media?parent=3035"}],"curies":[{"name":"wp","href":"https:\/\/api.w.org\/{rel}","templated":true}]}}