{"id":2975,"date":"2021-12-29T10:19:59","date_gmt":"2021-12-29T09:19:59","guid":{"rendered":"https:\/\/obrzyce.eu\/?page_id=2975"},"modified":"2026-02-20T12:06:15","modified_gmt":"2026-02-20T11:06:15","slug":"izba-przyjec","status":"publish","type":"page","link":"https:\/\/obrzyce.eu\/index.php\/izba-przyjec\/","title":{"rendered":"IZBA PRZYJ\u0118\u0106"},"content":{"rendered":"\n<h3 class=\"wp-block-heading\"><strong>Czynna ca\u0142\u0105 dob\u0119&nbsp;&#8211; tel. (95) 7428 707 <\/strong><br><\/h3>\n\n\n\n<p>fax (95) 7428 708<\/p>\n\n\n\n<p><strong>e-mail :<\/strong>&nbsp;<a href=\"mailto:ip@obrzyce.eu\"><strong>ip@obrzyce.eu<\/strong><\/a><\/p>\n\n\n\n<p><br>Prowadzi us\u0142ugi w zakresie przyj\u0119cia chorych\u00a0do oddzia\u0142\u00f3w psychiatrycznych.<br><br><strong>Pacjent zg\u0142aszaj\u0105cy si\u0119 do Szpitala obowi\u0105zany jest zabra\u0107 ze sob\u0105:<br><br><\/strong>&#8211;\u00a0dow\u00f3d osobisty,<br>&#8211; aktualny odcinek renty lub emerytury z zaznaczeniem oddzia\u0142u NFZ,<br>&#8211; wa\u017cn\u0105 legitymacj\u0119 ubezpieczeniow\u0105 (honorujemy wa\u017cno\u015b\u0107 legitymacji tylko przez 1 miesi\u0105c od daty ostatniego potwierdzenia), w kt\u00f3rej pracodawca odnotowa\u0142 odprowadzenie sk\u0142adek do Oddzia\u0142u Narodowego Funduszu Zdrowia oraz NIP p\u0142atnika,<br>&#8211; inny dokument np. za\u015bwiadczenie o odprowadzonych sk\u0142adkach wystawionych przez pracodawce,<br>&#8211; skierowanie du\u017ce tzn dok\u0142adny wywiad o stanie chorego (przebieg choroby).<\/p>\n\n\n\n<p><strong>Obsada Izby Przyj\u0119\u0107<\/strong>: zesp\u00f3\u0142 piel\u0119gniarek i piel\u0119gniarzy dyplomowanych oraz ratownicy medyczni.<\/p>\n<div class=\"gsp_post_data\" data-post_type=\"page\" data-cat=\"\" data-modified=\"120\" data-title=\"IZBA PRZYJ\u0118\u0106\" data-home=\"https:\/\/obrzyce.eu\"><\/div>","protected":false},"excerpt":{"rendered":"<p>Czynna ca\u0142\u0105 dob\u0119&nbsp;&#8211; tel. (95) 7428 707 fax (95) 7428 708 e-mail :&nbsp;ip@obrzyce.eu Prowadzi us\u0142ugi w zakresie przyj\u0119cia chorych\u00a0do oddzia\u0142\u00f3w psychiatrycznych. Pacjent zg\u0142aszaj\u0105cy si\u0119 do Szpitala obowi\u0105zany jest zabra\u0107 ze sob\u0105: &#8211;\u00a0dow\u00f3d osobisty,&#8211; aktualny odcinek renty lub emerytury z zaznaczeniem oddzia\u0142u NFZ,&#8211; wa\u017cn\u0105 legitymacj\u0119 ubezpieczeniow\u0105 (honorujemy wa\u017cno\u015b\u0107 legitymacji tylko przez 1 miesi\u0105c od daty ostatniego [&hellip;]<\/p>\n","protected":false},"author":1,"featured_media":0,"parent":0,"menu_order":30,"comment_status":"closed","ping_status":"closed","template":"","meta":{"_eb_attr":"","inline_featured_image":false,"footnotes":""},"class_list":["post-2975","page","type-page","status-publish","hentry","clearfix"],"_links":{"self":[{"href":"https:\/\/obrzyce.eu\/index.php\/wp-json\/wp\/v2\/pages\/2975","targetHints":{"allow":["GET"]}}],"collection":[{"href":"https:\/\/obrzyce.eu\/index.php\/wp-json\/wp\/v2\/pages"}],"about":[{"href":"https:\/\/obrzyce.eu\/index.php\/wp-json\/wp\/v2\/types\/page"}],"author":[{"embeddable":true,"href":"https:\/\/obrzyce.eu\/index.php\/wp-json\/wp\/v2\/users\/1"}],"replies":[{"embeddable":true,"href":"https:\/\/obrzyce.eu\/index.php\/wp-json\/wp\/v2\/comments?post=2975"}],"version-history":[{"count":4,"href":"https:\/\/obrzyce.eu\/index.php\/wp-json\/wp\/v2\/pages\/2975\/revisions"}],"predecessor-version":[{"id":8391,"href":"https:\/\/obrzyce.eu\/index.php\/wp-json\/wp\/v2\/pages\/2975\/revisions\/8391"}],"wp:attachment":[{"href":"https:\/\/obrzyce.eu\/index.php\/wp-json\/wp\/v2\/media?parent=2975"}],"curies":[{"name":"wp","href":"https:\/\/api.w.org\/{rel}","templated":true}]}}