{"id":2971,"date":"2021-12-29T10:18:31","date_gmt":"2021-12-29T09:18:31","guid":{"rendered":"https:\/\/obrzyce.eu\/?page_id=2971"},"modified":"2022-08-04T12:23:00","modified_gmt":"2022-08-04T10:23:00","slug":"czp-czesc-szpitalna","status":"publish","type":"page","link":"https:\/\/obrzyce.eu\/index.php\/czp-czesc-szpitalna\/","title":{"rendered":"CENTRUM ZDROWIA PSYCHICZNEGO &#8211; CZ\u0118\u015a\u0106 SZPITALNA"},"content":{"rendered":"\n<div style=\"height:0px\" aria-hidden=\"true\" class=\"wp-block-spacer\"><\/div>\n\n\n\n<h4 class=\"wp-block-heading\">1. IZBA PRZYJ\u0118\u0106<\/h4>\n\n\n\n<p><strong>Czynna ca\u0142\u0105 dob\u0119&nbsp;\u2013 tel. (95) 7428 707&nbsp;<\/strong><\/p>\n\n\n\n<p><strong>fax (95) 7428 708<\/strong><\/p>\n\n\n\n<p><strong>e-mail :<\/strong>&nbsp;<a href=\"mailto:ip@obrzyce.eu\"><strong>ip@obrzyce.eu<\/strong><\/a><br><\/p>\n\n\n\n<div class=\"wp-block-group\"><div class=\"wp-block-group__inner-container is-layout-flow wp-block-group-is-layout-flow\">\n<p><strong>Pacjent zg\u0142aszaj\u0105cy si\u0119 do Centrum Zdrowia Psychicznego obowi\u0105zany jest zabra\u0107 ze sob\u0105:<br><br><\/strong>\u2013&nbsp;skierowanie do szpitala, dow\u00f3d osobisty,<br>\u2013 aktualny odcinek renty lub emerytury z zaznaczeniem oddzia\u0142u NFZ,<br>\u2013 wa\u017cn\u0105 legitymacj\u0119 ubezpieczeniow\u0105 (honorujemy wa\u017cno\u015b\u0107 legitymacji tylko przez 1 miesi\u0105c od daty ostatniego potwierdzenia), w kt\u00f3rej pracodawca odnotowa\u0142 odprowadzenie sk\u0142adek do Oddzia\u0142u Narodowego Funduszu Zdrowia oraz NIP p\u0142atnika,<br>\u2013 inny dokument np. za\u015bwiadczenie o odprowadzonych sk\u0142adkach wystawionych przez pracodawc\u0119,<\/p>\n<\/div><\/div>\n\n\n\n<p><strong>Obsada Izby Przyj\u0119\u0107<\/strong><\/p>\n\n\n\n<p>zesp\u00f3\u0142 5 piel\u0119gniarek dyplomowanych i ratownik medyczny<\/p>\n\n\n\n<div style=\"height:30px\" aria-hidden=\"true\" class=\"wp-block-spacer\"><\/div>\n\n\n\n<hr class=\"wp-block-separator has-text-color has-vivid-cyan-blue-color has-css-opacity has-vivid-cyan-blue-background-color has-background is-style-wide\"\/>\n\n\n\n<h4 class=\"wp-block-heading\"><br>2. ODDZIA\u0141 PSYCHIATRYCZNY OG\u00d3LNY NR 5<\/h4>\n\n\n\n<p>Chorym zapewniamy specjalistyczne badania lekarskie, psychologiczne, laboratoryjne podstawowe, w razie potrzeby istnieje mo\u017cliwo\u015b\u0107 korzystania z dodatkowych konsultacji (chirurgicznych, ginekologicznych, stomatologicznych, laryngologicznych, okulistycznych, itp&#8230;) <br><br>W obr\u0119bie oddzia\u0142u znajduje si\u0119 pracownia terapii zaj\u0119ciowej, gdzie pod nadzorem instruktora terapii pacjenci wykonuj\u0105 rozmaite prace plastyczne, techniczne, s\u0142uchaj\u0105 muzyki, relaksuj\u0105 si\u0119. Czas pacjenci sp\u0119dzaj\u0105 tak\u017ce w przyoddzia\u0142owym ogr\u00f3dku, dbaj\u0105c o estetyczny wygl\u0105d miejsca swojego pobytu. Chorzy maj\u0105 ca\u0142odobowy dost\u0119p do aparatu telefonicznego.<\/p>\n\n\n\n<p>W procesie leczniczo-rehabilitacyjnym pacjent\u00f3w opr\u00f3cz lek\u00f3w, w tym \u015brodk\u00f3w psychotropowych, wykorzystywane s\u0105 r\u00f3\u017cnorodne formy oddzia\u0142ywa\u0144 poza farmakologicznych takie jak: kinezyterapia, muzykoterapia, biblioterapia, fizykoterapia (realizowane g\u0142\u00f3wnie w pracowniach mi\u0119dzy oddzia\u0142owych), a tak\u017ce us\u0142ugi piel\u0119gnacyjne, pomoc w podstawowych sprawach \u017cyciowych, wsparcie psychologiczne, realizacja potrzeb religijnych i kulturalnych. W razie potrzeby &#8211; edukacyjne i terapeutyczne oddzia\u0142ywanie w kontaktach z rodzin\u0105 i osobami bliskimi. Dla uzyskania optymalnych rezultat\u00f3w leczniczo-rehabilitacyjnych w oddziale rozwija si\u0119 zasady spo\u0142eczno\u015bci terapeutycznej poprzez Samorz\u0105d Pacjent\u00f3w, pe\u0142nienia dy\u017cur\u00f3w, cotygodniowe zebrania, organizowanie imprez wewn\u0119trznych i mi\u0119dzy oddzia\u0142owych.<\/p>\n\n\n\n<p>Czas pobytu pacjent\u00f3w na leczeniu r\u00f3\u017cni si\u0119 w zale\u017cno\u015bci od rodzaju zaburze\u0144 chorobowych.<\/p>\n\n\n\n<p><\/p>\n\n\n\n<h4 class=\"wp-block-heading\">KONTAKT:<\/h4>\n\n\n\n<p><strong>Gabinet zabiegowy<br><\/strong>tel. (95) 7428 786<br><br><strong>Kierownik oddzia\u0142u<br><\/strong>tel. (95) 7428 784<\/p>\n\n\n\n<p><strong>Psycholog<br><\/strong>tel. (95) 7428 787<br><br><strong>Sekretarka<br><\/strong>tel. (95) 7428 785<\/p>\n\n\n\n<p>e-mail: <a href=\"mailto:o5s@obrzyce.eu\" target=\"_blank\" rel=\"noreferrer noopener\">o5s@obrzyce.eu<\/a><\/p>\n<div class=\"gsp_post_data\" data-post_type=\"page\" data-cat=\"\" data-modified=\"120\" data-title=\"CENTRUM ZDROWIA PSYCHICZNEGO &#8211; CZ\u0118\u015a\u0106 SZPITALNA\" data-home=\"https:\/\/obrzyce.eu\"><\/div>","protected":false},"excerpt":{"rendered":"<p>1. IZBA PRZYJ\u0118\u0106 Czynna ca\u0142\u0105 dob\u0119&nbsp;\u2013 tel. (95) 7428 707&nbsp; fax (95) 7428 708 e-mail :&nbsp;ip@obrzyce.eu Pacjent zg\u0142aszaj\u0105cy si\u0119 do Centrum Zdrowia Psychicznego obowi\u0105zany jest zabra\u0107 ze sob\u0105: \u2013&nbsp;skierowanie do szpitala, dow\u00f3d osobisty,\u2013 aktualny odcinek renty lub emerytury z zaznaczeniem oddzia\u0142u NFZ,\u2013 wa\u017cn\u0105 legitymacj\u0119 ubezpieczeniow\u0105 (honorujemy wa\u017cno\u015b\u0107 legitymacji tylko przez 1 miesi\u0105c od daty ostatniego [&hellip;]<\/p>\n","protected":false},"author":1,"featured_media":0,"parent":0,"menu_order":24,"comment_status":"closed","ping_status":"closed","template":"","meta":{"_eb_attr":"","inline_featured_image":false,"footnotes":""},"class_list":["post-2971","page","type-page","status-publish","hentry","clearfix"],"_links":{"self":[{"href":"https:\/\/obrzyce.eu\/index.php\/wp-json\/wp\/v2\/pages\/2971","targetHints":{"allow":["GET"]}}],"collection":[{"href":"https:\/\/obrzyce.eu\/index.php\/wp-json\/wp\/v2\/pages"}],"about":[{"href":"https:\/\/obrzyce.eu\/index.php\/wp-json\/wp\/v2\/types\/page"}],"author":[{"embeddable":true,"href":"https:\/\/obrzyce.eu\/index.php\/wp-json\/wp\/v2\/users\/1"}],"replies":[{"embeddable":true,"href":"https:\/\/obrzyce.eu\/index.php\/wp-json\/wp\/v2\/comments?post=2971"}],"version-history":[{"count":15,"href":"https:\/\/obrzyce.eu\/index.php\/wp-json\/wp\/v2\/pages\/2971\/revisions"}],"predecessor-version":[{"id":3956,"href":"https:\/\/obrzyce.eu\/index.php\/wp-json\/wp\/v2\/pages\/2971\/revisions\/3956"}],"wp:attachment":[{"href":"https:\/\/obrzyce.eu\/index.php\/wp-json\/wp\/v2\/media?parent=2971"}],"curies":[{"name":"wp","href":"https:\/\/api.w.org\/{rel}","templated":true}]}}