{"id":2969,"date":"2021-12-29T10:18:15","date_gmt":"2021-12-29T09:18:15","guid":{"rendered":"https:\/\/obrzyce.eu\/?page_id=2969"},"modified":"2026-02-02T14:08:23","modified_gmt":"2026-02-02T13:08:23","slug":"informacje-i-pomoc","status":"publish","type":"page","link":"https:\/\/obrzyce.eu\/index.php\/informacje-i-pomoc\/","title":{"rendered":"INFORMACJE I POMOC"},"content":{"rendered":"\n<h2 class=\"wp-block-heading\">CENTRUM ZDROWIA PSYCHICZNEGO<\/h2>\n\n\n\n<h2 class=\"wp-block-heading has-medium-font-size\"><strong>MASZ PROBLEM? NIE WIESZ DO KOGO SI\u0118 ZG\u0141OSI\u0106? POMO\u017bEMY! <\/strong><\/h2>\n\n\n\n<h3 class=\"wp-block-heading has-medium-font-size\"><strong>ZADZWO\u0143: <\/strong><br>506 934 627 (powiat mi\u0119dzyrzecki)<br>95 742 88 46 (powiat s\u0142ubicki)<\/h3>\n\n\n\n<p>PZK &#8211; Punkt Zg\u0142oszeniowo-Koordynacyjny czynny jest od poniedzia\u0142ku do pi\u0105tku w godz. 8-18<\/p>\n\n\n\n<p><\/p>\n\n\n\n<p>Centrum Zdrowia Psychicznego to o\u015brodek, kt\u00f3rego zadaniem jest zapewnienie i koordynowanie pomocy psychiatrycznej, psychologicznej i psychoterapeutycznej doros\u0142ym mieszka\u0144com powiatu mi\u0119dzyrzeckiego i sul\u0119ci\u0144skiego.<\/p>\n\n\n\n<p>Celem dzia\u0142ania Centrum Zdrowia Psychicznego jest wprowadzenie nowoczesnego, sprawdzonego modelu opieki psychiatrycznej, kt\u00f3ry ma za zadanie:<br><br>\u2022&nbsp;popraw\u0119 jako\u015b\u0107 leczenia psychiatrycznego \u2013 jego dost\u0119pno\u015b\u0107, ci\u0105g\u0142o\u015b\u0107 i skuteczno\u015b\u0107,<br>\u2022&nbsp;ograniczenie rozmiar\u00f3w i negatywnych skutk\u00f3w hospitalizacji, a tym samym koszt\u00f3w opieki psychiatrycznej,<br>\u2022&nbsp;uruchomienie inicjatyw i zasob\u00f3w spo\u0142ecznych lokalnej spo\u0142eczno\u015bci,<br>\u2022&nbsp;przeciwdzia\u0142anie stygmatyzacji i wykluczeniu os\u00f3b chorych psychicznie,<br>\u2022&nbsp;zapewnienie warunk\u00f3w do spo\u0142ecznej integracji os\u00f3b z zaburzeniami psychicznymi.<\/p>\n\n\n\n<p>Centrum Zdrowia Psychicznego w strukturach Samodzielnego Publicznego Szpitala Specjalistycznego dla Nerwowo i Psychiczne Chorych w Mi\u0119dzyrzeczu zapewnia i koordynuje pomoc psychiatryczn\u0105, psychologiczn\u0105 i psychoterapeutyczn\u0105 doros\u0142ym mieszka\u0144com powiatu mi\u0119dzyrzeckiego i sul\u0119ci\u0144skiego.&nbsp;Struktura Centrum sk\u0142ada si\u0119 z <a rel=\"noreferrer noopener\" href=\"https:\/\/obrzyce.eu\/index.php\/czp-czesc-szpitalna\/\" data-type=\"page\" data-id=\"2971\" target=\"_blank\">cz\u0119\u015bci szpitalnej<\/a> oraz <a rel=\"noreferrer noopener\" href=\"https:\/\/obrzyce.eu\/index.php\/ambulatorium\/\" data-type=\"page\" data-id=\"2866\" target=\"_blank\">ambulatoryjnej<\/a>.<\/p>\n\n\n\n<p><\/p>\n\n\n\n<h3 class=\"wp-block-heading\">PUNKT ZG\u0141OSZENIOWO &#8211; KOORDYNACYJNY<\/h3>\n\n\n\n<p><\/p>\n\n\n\n<p>Do zada\u0144 Punktu Zg\u0142oszeniowo-Koordynacyjnego nale\u017cy:&nbsp;<br>\u2022&nbsp;udzielanie informacji o zakresie dzia\u0142ania Centrum Zdrowia Psychicznego i mo\u017cliwo\u015bci,<br>\u2022&nbsp;uzyskania \u015bwiadcze\u0144 opieki zdrowotnej,<br>\u2022&nbsp;udzielenie wst\u0119pnej oceny potrzeb zdrowotnych,<br>\u2022&nbsp;uzgadnianie z pacjentem terminu przyj\u0119cia ze&nbsp; wskazaniem miejsca uzyskania niezb\u0119dnego \u015bwiadczenia psychiatrycznego w przypadkach pilnych,<br>\u2022&nbsp;udzielenie informacji na temat miejsca uzyskania niezb\u0119dnego \u015bwiadczenia z zakresu pomocy, spo\u0142ecznej, w przypadkach tego wymagaj\u0105cych,<br>\u2022&nbsp;udzielenia \u015bwiadczenia w zakresie&nbsp; opieki zdrowotnej w ramach Centrum Zdrowia Psychicznego.&nbsp;<\/p>\n\n\n\n<p>Centrum Zdrowia Psychicznego dysponuje odr\u0119bno\u015bci\u0105 organizacyjn\u0105, pozwalaj\u0105c\u0105 na planow\u0105 realizacj\u0119 specyficznych zada\u0144 opieki psychiatrycznej. Struktura Centrum tworzy system, kt\u00f3rego zadaniem jest zapewnienie ci\u0105g\u0142o\u015bci opieki i leczenia psychiatrycznego adekwatnie do potrzeb pacjent\u00f3w z zaburzeniami psychicznymi z obszaru obj\u0119tego dzia\u0142alno\u015bci\u0105 tj. powiatu mi\u0119dzyrzeckiego i sul\u0119ci\u0144skiego.<br>Oddzia\u0142 dzienny funkcjonuje bardzo dobrze. Centrum nie ma trudno\u015bci kadrowych. Jeden Punkt Zg\u0142oszeniowo Konsultacyjny jest w zupe\u0142no\u015bci wystarczaj\u0105cy do obs\u0142ugi pacjent\u00f3w.<\/p>\n\n\n\n<p>e-mail: <br>Mi\u0119dzyrzecz: <a href=\"mailto:pzk-miedzyrzecz@obrzyce.eu\" target=\"_blank\" rel=\"noreferrer noopener\">pzk-miedzyrzecz@obrzyce.eu<\/a> <br>S\u0142ubice: <a href=\"mailto:pzkslubice@obrzyce.eu\" target=\"_blank\" rel=\"noreferrer noopener\">pzkslubice@obrzyce.eu<\/a><\/p>\n\n\n\n<p><\/p>\n<div class=\"gsp_post_data\" data-post_type=\"page\" data-cat=\"\" data-modified=\"120\" data-title=\"INFORMACJE I POMOC\" data-home=\"https:\/\/obrzyce.eu\"><\/div>","protected":false},"excerpt":{"rendered":"<p>CENTRUM ZDROWIA PSYCHICZNEGO MASZ PROBLEM? NIE WIESZ DO KOGO SI\u0118 ZG\u0141OSI\u0106? POMO\u017bEMY! ZADZWO\u0143: 506 934 627 (powiat mi\u0119dzyrzecki)95 742 88 46 (powiat s\u0142ubicki) PZK &#8211; Punkt Zg\u0142oszeniowo-Koordynacyjny czynny jest od poniedzia\u0142ku do pi\u0105tku w godz. 8-18 Centrum Zdrowia Psychicznego to o\u015brodek, kt\u00f3rego zadaniem jest zapewnienie i koordynowanie pomocy psychiatrycznej, psychologicznej i psychoterapeutycznej doros\u0142ym mieszka\u0144com powiatu [&hellip;]<\/p>\n","protected":false},"author":1,"featured_media":0,"parent":0,"menu_order":29,"comment_status":"closed","ping_status":"closed","template":"","meta":{"_eb_attr":"","inline_featured_image":false,"footnotes":""},"class_list":["post-2969","page","type-page","status-publish","hentry","clearfix"],"_links":{"self":[{"href":"https:\/\/obrzyce.eu\/index.php\/wp-json\/wp\/v2\/pages\/2969","targetHints":{"allow":["GET"]}}],"collection":[{"href":"https:\/\/obrzyce.eu\/index.php\/wp-json\/wp\/v2\/pages"}],"about":[{"href":"https:\/\/obrzyce.eu\/index.php\/wp-json\/wp\/v2\/types\/page"}],"author":[{"embeddable":true,"href":"https:\/\/obrzyce.eu\/index.php\/wp-json\/wp\/v2\/users\/1"}],"replies":[{"embeddable":true,"href":"https:\/\/obrzyce.eu\/index.php\/wp-json\/wp\/v2\/comments?post=2969"}],"version-history":[{"count":8,"href":"https:\/\/obrzyce.eu\/index.php\/wp-json\/wp\/v2\/pages\/2969\/revisions"}],"predecessor-version":[{"id":8338,"href":"https:\/\/obrzyce.eu\/index.php\/wp-json\/wp\/v2\/pages\/2969\/revisions\/8338"}],"wp:attachment":[{"href":"https:\/\/obrzyce.eu\/index.php\/wp-json\/wp\/v2\/media?parent=2969"}],"curies":[{"name":"wp","href":"https:\/\/api.w.org\/{rel}","templated":true}]}}