{"id":2963,"date":"2021-12-29T10:16:40","date_gmt":"2021-12-29T09:16:40","guid":{"rendered":"https:\/\/obrzyce.eu\/?page_id=2963"},"modified":"2026-03-03T11:54:43","modified_gmt":"2026-03-03T10:54:43","slug":"pracownie-rtg-eeg","status":"publish","type":"page","link":"https:\/\/obrzyce.eu\/index.php\/pracownie-rtg-eeg\/","title":{"rendered":"PRACOWNIE RTG\/EEG"},"content":{"rendered":"\n<h3 class=\"wp-block-heading\">REJESTRACJA<\/h3>\n\n\n\n<h4 class=\"wp-block-heading\">do pracowni RTG pod nr tel. (95) 7428 748<br><\/h4>\n\n\n\n<p class=\"has-text-align-center\"><strong><span style=\"text-decoration: underline;\">Godziny pracy pracowni RTG:<\/span><\/strong><\/p>\n\n\n\n<p class=\"has-text-align-center\"><strong>poniedzia\u0142ek<\/strong> 07:00-16:00<\/p>\n\n\n\n<p class=\"has-text-align-center\"><strong>wtorek<\/strong> 07:00-14:35<\/p>\n\n\n\n<p class=\"has-text-align-center\"><strong>\u015broda<\/strong> 07:00-16:00<\/p>\n\n\n\n<p class=\"has-text-align-center\"><strong>czwartek<\/strong> 07:00-14:35<\/p>\n\n\n\n<p class=\"has-text-align-center\"><strong>pi\u0105tek<\/strong> 07:00-14:35<\/p>\n\n\n\n<p><\/p>\n\n\n\n<hr class=\"wp-block-separator has-alpha-channel-opacity\"\/>\n\n\n\n<p class=\"has-text-align-center has-medium-font-size\"><strong>!!! UWAGA!!!<\/strong><\/p>\n\n\n\n<p class=\"has-text-align-center\"><strong><span style=\"text-decoration: underline;\">BRAK MO\u017bLIWO\u015aCI&nbsp;WYKONANIA&nbsp;ZDJ\u0118\u0106&nbsp;RTG&nbsp;BEZ SKIEROWANIA<\/span><\/strong><\/p>\n\n\n\n<hr class=\"wp-block-separator has-alpha-channel-opacity\"\/>\n\n\n\n<p class=\"has-text-align-center\"><a href=\"https:\/\/obrzyce.eu\/wp-content\/uploads\/2025\/02\/informcja-2.pdf\" target=\"_blank\" rel=\"noreferrer noopener\">Informacja dla Pacjent\u00f3w zg\u0142aszaj\u0105cych si\u0119 na zdj\u0119cia RTG<\/a> &#8211; do pobrania<\/p>\n\n\n\n<hr class=\"wp-block-separator has-alpha-channel-opacity\"\/>\n\n\n\n<p>Zakres bada\u0144 radiologicznych \/ wszystkie badania og\u00f3lnodiagnostyczne:<\/p>\n\n\n<ul>\n<li>RTG klatki piersiowej,<\/li>\n<li>RTG kr\u0119gos\u0142upa,<\/li>\n<li>RTG miednicy,<\/li>\n<li>RTG czaszki i zatok,<\/li>\n<li>RTG staw\u00f3w i ko\u015bci,<\/li>\n<li>RTG panoramiczne z\u0119b\u00f3w,<\/li>\n<li>RTG stawu skroniowo &#8211; \u017cuchwowego,<\/li>\n<\/ul>\n<p>Wi\u0119kszo\u015b\u0107 z bada\u0144 nie wymaga od pacjenta \u017cadnego przygotowania i wykonywane s\u0105 bez wcze\u015bniejszego ustalenia terminu badania.<\/p>\n\n\n<h4 class=\"wp-block-heading\">Badanie wymagaj\u0105ce USTALENIA TERMINU oraz PRZYGOTOWANIA do badania to&nbsp;ZDJ\u0118CIE KR\u0118GOS\u0141UPA LS:<\/h4>\n\n\n\n<p>DZIE\u0143 PRZED BADANIEM&nbsp;KR\u0118GOS\u0141UPA:<br><br>\u2022 pacjent powinien spo\u017cywa\u0107 pokarmy p\u0142ynne i nie zawieraj\u0105ce b\u0142onnika, tzn. unika\u0107 \u015bwie\u017cych warzyw i owoc\u00f3w, otr\u0119b\u00f3w, kaszy, pieczywa;<br>\u2022 przyjmowa\u0107 ESPUMISAN 3 razy dziennie po 2 kapsu\u0142ki,<br>\u2022 za\u017cy\u0107 sprawdzony \u015brodek przeczyszczaj\u0105cy.<br><br>W DNIU BADANIA&nbsp;KR\u0118GOS\u0141UPA:<br><br>\u2022 pozosta\u0107 na czczo, po wypr\u00f3\u017cnieniu<br>\u2022 zabra\u0107 poprzednie zdj\u0119cia i opisy RTG kr\u0119gos\u0142upa l\u0119d\u017awiowego,<br>\u2022 godzina badania mo\u017ce ulec zmianie z przyczyn niezale\u017cnych.<\/p>\n\n\n\n<p><strong>SYSTEM ZAPEWNIENIA JAKO\u015aCI<\/strong><\/p>\n\n\n\n<p>Zak\u0142ad Radiologii uczestniczy w szkoleniach z zakresu Zapewnienia Jako\u015bci w Pracowni Rentgenowskiej i Ochrony przed promieniowaniem jonizuj\u0105cym maj\u0105cych na celu zwi\u0119kszenie efektywno\u015bci wykonywanych bada\u0144, a tak\u017ce zwi\u0119kszenie ochrony zdrowia pacjenta.<br>Zgodnie z Rozporz\u0105dzeniem Ministra Zdrowia z dnia 25 sierpnia 2005 roku w sprawie warunk\u00f3w bezpiecznego stosowania promieniowania jonizuj\u0105cego dla wszystkich rodzaj\u00f3w ekspozycji medycznej (Dz.U. Nr 194, poz.1625) W Zak\u0142adzie Radiologii wykonywane s\u0105 codzienne i okresowe testy parametr\u00f3w fizycznych wszystkich aparat\u00f3w rentgenowskich jak r\u00f3wnie\u017c testy parametr\u00f3w obr\u00f3bki fotochemicznej b\u0142on rentgenowskich. Aparatura rtg w Zak\u0142adzie Radiologii poddawana jest r\u00f3wnie\u017c raz w roku testom specjalistycznym wykonywanym przez akredytowane jednostki.<br>Je\u015bli istnieje prawdopodobie\u0144stwo, \u017ce jeste\u015b w CI\u0104\u017bY \u2013 powiedz o tym koniecznie przed wykonaniem badania RTG.<\/p>\n\n\n\n<p>Realizujemy badania refundowane przez NFZ na podstawie skierowania z poradni i od lekarzy rodzinnych z NZOZ. W pracowni istnieje mo\u017cliwo\u015b\u0107 wykonania bada\u0144 odp\u0142atnych wg. obowi\u0105zuj\u0105cego cennika (konieczne skierowanie z prywatnych gabinet\u00f3w lekarskich). Gwarantujemy wysok\u0105 jako\u015b\u0107 wykonywanych zdj\u0119\u0107 RTG, specjalne oferty dla firmy, towarzystw ubezpieczeniowych, szk\u00f3\u0142 i konkurencyjne ceny.<\/p>\n\n\n\n<p>Zapraszamy do Pracowni RTG mieszcz\u0105cej si\u0119 w budynku Izby Przyj\u0119\u0107 i Apteki&nbsp;w korytarzu diagnostycznym.<br><br><strong><span style=\"text-decoration: underline;\"><em>PRAWO ATOMOWE- OBOWI\u0104ZEK INFORMACYJNY<\/em><\/span><\/strong><\/p>\n\n\n\n<p>Dzia\u0142aj\u0105c zgodnie z wymaganiami okre\u015blonymi w art. 32c pkt 2 Ustawy z dnia 29 listopada 2000r. Prawo Atomowe (Dz. U. z 2019r., poz. 1792, z p\u00f3\u017an. zm.) informujemy, \u017ce w ci\u0105gu ostatnich 12 miesi\u0119cy nie stwierdzono przekroczenia dawek granicznych dla pracownik\u00f3w oraz nie wykazano przekrocze\u0144 1mSv do \u015brodowiska.<br>Data publikacji: 10.03.2023r.<\/p>\n\n\n\n<p><\/p>\n\n\n\n<div style=\"height:30px\" aria-hidden=\"true\" class=\"wp-block-spacer\"><\/div>\n\n\n\n<hr class=\"wp-block-separator has-text-color has-vivid-cyan-blue-color has-css-opacity has-vivid-cyan-blue-background-color has-background is-style-wide\"\/>\n\n\n\n<div style=\"height:30px\" aria-hidden=\"true\" class=\"wp-block-spacer\"><\/div>\n\n\n\n<h3 class=\"wp-block-heading\">REJESTRACJA<\/h3>\n\n\n\n<h4 class=\"wp-block-heading\">do pracowni EEG od poniedzia\u0142ku do pi\u0105tku w godz. 8.00 &#8211; 12.00 pod nr tel. (95) 7428 749<\/h4>\n\n\n\n<p>Realizujemy badania refundowane przez NFZ na podstawie skierowania z poradni:<br><br>&#8211; Neurologicznej<br>&#8211; Psychiatrycznej<br>&#8211; Psychologicznej<br>&#8211; Medycyny Pracy<br>&#8211; Rehabilitacyjnej (POR)<br><\/p>\n\n\n\n<p>oraz odp\u0142atnie dla pacjent\u00f3w:<br>&#8211; bez skierowania<br>&#8211; ze skierowaniem z prywatnych gabinet\u00f3w lekarskich.<\/p>\n\n\n\n<h4 class=\"wp-block-heading\"><strong>!!!&nbsp;UWAGA&nbsp;!!!<\/strong><\/h4>\n\n\n\n<p>Badania wykonywane s\u0105 po wcze\u015bniejszym um\u00f3wieniu si\u0119 przez telefon b\u0105d\u017a osobi\u015bcie &#8211; ostatnie badanie, ze wzgl\u0119du na czas trwania, rozpoczyna si\u0119 o godz. 11:00 (je\u017celi kto\u015b zg\u0142osi si\u0119 po tej godzinie\/sp\u00f3\u017ani si\u0119, to badanie nie b\u0119dzie wykonane w tym konkretnym dniu i b\u0119dzie trzeba ustali\u0107 now\u0105 dat\u0119 badania).<\/p>\n\n\n\n<p><\/p>\n\n\n\n<p>Serdecznie zapraszamy do Pracowni EEG mieszcz\u0105cej si\u0119 w budynku Izby Przyj\u0119\u0107 i Apteki&nbsp;w korytarzu diagnostycznym.<\/p>\n\n\n\n<div style=\"height:30px\" aria-hidden=\"true\" class=\"wp-block-spacer\"><\/div>\n\n\n\n<h4 class=\"wp-block-heading\">DO POBRANIA<\/h4>\n\n\n\n<p><a href=\"https:\/\/obrzyce.eu\/wp-content\/uploads\/2025\/07\/ulotka-EEG-RTG.pdf\" target=\"_blank\" rel=\"noreferrer noopener\">Ulotka RTG\/EEG<\/a><\/p>\n\n\n\n<p><a href=\"https:\/\/obrzyce.eu\/wp-content\/uploads\/2025\/02\/cennik-01.03.2025.pdf\" target=\"_blank\" rel=\"noreferrer noopener\">Cennik us\u0142ug RTG\/EEG<\/a><br><a href=\"https:\/\/obrzyce.eu\/wp-content\/uploads\/2023\/01\/zarzadzenie-regulamin-RTG-1.pdf\" target=\"_blank\" rel=\"noreferrer noopener\">zarz\u0105dzenie i regulamin RTG<\/a><\/p>\n\n\n\n<p><\/p>\n\n\n\n<p><\/p>\n<div class=\"gsp_post_data\" data-post_type=\"page\" data-cat=\"\" data-modified=\"120\" data-title=\"PRACOWNIE RTG\/EEG\" data-home=\"https:\/\/obrzyce.eu\"><\/div>","protected":false},"excerpt":{"rendered":"<p>REJESTRACJA do pracowni RTG pod nr tel. (95) 7428 748 Godziny pracy pracowni RTG: poniedzia\u0142ek 07:00-16:00 wtorek 07:00-14:35 \u015broda 07:00-16:00 czwartek 07:00-14:35 pi\u0105tek 07:00-14:35 !!! UWAGA!!! BRAK MO\u017bLIWO\u015aCI&nbsp;WYKONANIA&nbsp;ZDJ\u0118\u0106&nbsp;RTG&nbsp;BEZ SKIEROWANIA Informacja dla Pacjent\u00f3w zg\u0142aszaj\u0105cych si\u0119 na zdj\u0119cia RTG &#8211; do pobrania Zakres bada\u0144 radiologicznych \/ wszystkie badania og\u00f3lnodiagnostyczne: RTG klatki piersiowej, RTG kr\u0119gos\u0142upa, RTG miednicy, RTG [&hellip;]<\/p>\n","protected":false},"author":1,"featured_media":0,"parent":0,"menu_order":46,"comment_status":"closed","ping_status":"closed","template":"","meta":{"_eb_attr":"","inline_featured_image":false,"footnotes":""},"class_list":["post-2963","page","type-page","status-publish","hentry","clearfix"],"_links":{"self":[{"href":"https:\/\/obrzyce.eu\/index.php\/wp-json\/wp\/v2\/pages\/2963","targetHints":{"allow":["GET"]}}],"collection":[{"href":"https:\/\/obrzyce.eu\/index.php\/wp-json\/wp\/v2\/pages"}],"about":[{"href":"https:\/\/obrzyce.eu\/index.php\/wp-json\/wp\/v2\/types\/page"}],"author":[{"embeddable":true,"href":"https:\/\/obrzyce.eu\/index.php\/wp-json\/wp\/v2\/users\/1"}],"replies":[{"embeddable":true,"href":"https:\/\/obrzyce.eu\/index.php\/wp-json\/wp\/v2\/comments?post=2963"}],"version-history":[{"count":18,"href":"https:\/\/obrzyce.eu\/index.php\/wp-json\/wp\/v2\/pages\/2963\/revisions"}],"predecessor-version":[{"id":8428,"href":"https:\/\/obrzyce.eu\/index.php\/wp-json\/wp\/v2\/pages\/2963\/revisions\/8428"}],"wp:attachment":[{"href":"https:\/\/obrzyce.eu\/index.php\/wp-json\/wp\/v2\/media?parent=2963"}],"curies":[{"name":"wp","href":"https:\/\/api.w.org\/{rel}","templated":true}]}}