{"id":2874,"date":"2021-12-22T23:33:20","date_gmt":"2021-12-22T22:33:20","guid":{"rendered":"https:\/\/obrzyce.eu\/?page_id=2874"},"modified":"2021-12-30T15:06:00","modified_gmt":"2021-12-30T14:06:00","slug":"tworczosc-pacjentow","status":"publish","type":"page","link":"https:\/\/obrzyce.eu\/index.php\/tworczosc-pacjentow\/","title":{"rendered":"TW\u00d3RCZO\u015a\u0106 PACJENT\u00d3W"},"content":{"rendered":"\n<h2 class=\"wp-block-heading\">I. POEZJA &#8211; &#8220;MY, Z DRUGIEGO BRZEGU&#8221;<\/h2>\n\n\n\n<p>Pami\u0119tamy, \u017ce SPSNPCH istnieje tylko dzi\u0119ki temu, \u017ce w tym miejscu chc\u0105 lub musz\u0105 przebywa\u0107 osoby, w kt\u00f3rych \u017cyciu wydarzy\u0142 si\u0119 jaki\u015b kryzys psychiczny. Pod powy\u017cszym tytu\u0142em przedstawiamy wybrane wiersze naszych pacjent\u00f3w i zach\u0119camy do dzielenia si\u0119 efektami zaj\u0119\u0107 terapeutycznych poprzez r\u00f3\u017cne formy sztuki. &nbsp;&nbsp;&nbsp;&nbsp;&nbsp;&nbsp;&nbsp;&nbsp;&nbsp;&nbsp;&nbsp;&nbsp;&nbsp;&nbsp;&nbsp;&nbsp;&nbsp;&nbsp;&nbsp;&nbsp;&nbsp;&nbsp;&nbsp;&nbsp;&nbsp;&nbsp;&nbsp;&nbsp;&nbsp;&nbsp;&nbsp;&nbsp;&nbsp;&nbsp;<\/p>\n\n\n\n<div style=\"height:40px\" aria-hidden=\"true\" class=\"wp-block-spacer\"><\/div>\n\n\n\n<hr class=\"wp-block-separator has-text-color has-background has-vivid-cyan-blue-background-color has-vivid-cyan-blue-color is-style-wide\"\/>\n\n\n\n<div style=\"height:30px\" aria-hidden=\"true\" class=\"wp-block-spacer\"><\/div>\n\n\n\n<div class=\"wp-block-columns is-layout-flex wp-container-core-columns-is-layout-9d6595d7 wp-block-columns-is-layout-flex\">\n<div class=\"wp-block-column is-layout-flow wp-block-column-is-layout-flow\">\n<p>Nie pytaj mnie o wi\u0119cej<br>Jeszcze wypuszcz\u0119 ga\u0142\u0119zie<br>Ku s\u0142o\u0144cu<br>Jeszcze rozchyl\u0119 li\u015bcie<br>Zakwitn\u0119<br>O ka\u017cdej porze roku<br>Tylko ciep\u0142a<br>Ciep\u0142a mi trzeba<br>Nie pytaj prosz\u0119 o wi\u0119cej<\/p>\n\n\n\n<div style=\"height:20px\" aria-hidden=\"true\" class=\"wp-block-spacer\"><\/div>\n<\/div>\n\n\n\n<div class=\"wp-block-column is-layout-flow wp-block-column-is-layout-flow\">\n<p>Tak delikatnie przylgn\u0105\u0142e\u015b do poduszki<br>Jak nazywa\u0107 Tw\u00f3j b\u00f3l jakim imieniem \u0142zy<br>Twoje \u201ebaj\u201d i \u201epipi\u201d<br>Wr\u00f3cisz do domu nikt Ci\u0119 nie przytuli<br>Mo\u017ce nie zauwa\u017c\u0105 Twojej&nbsp;<br>Obecno\u015bci<br>I nigdy nie dowiesz si\u0119 \u017ce przez te trzy dni<br>By\u0142e\u015b<br>Naprawd\u0119 Dzieckiem<br>Kim\u015b<br>Najwa\u017cniejszym w moim \u017cyciu<\/p>\n\n\n\n<div style=\"height:20px\" aria-hidden=\"true\" class=\"wp-block-spacer\"><\/div>\n<\/div>\n\n\n\n<div class=\"wp-block-column is-layout-flow wp-block-column-is-layout-flow\">\n<p>nie ko\u0144cz si\u0119 jeszcze \u017cycie<br>ach nie ko\u0144cz<br>pozw\u00f3l si\u0119 jeszcze sob\u0105 zachwyci\u0107<br>zach\u0142ysn\u0105\u0107 rozkwitaj\u0105c\u0105 wiosn\u0105<br>s\u0142o\u0144cem w lecie<br>barwami jesieni<br>p\u0142atkami \u015bniegu w zimie<br>nie ko\u0144cz si\u0119 jeszcze \u017cycie<br>ach nie ko\u0144cz<br>tyle jeszcze \u015bcie\u017cek nieznanych<br>i t\u0119sknoty tak wiele za nimi<\/p>\n\n\n\n<div style=\"height:20px\" aria-hidden=\"true\" class=\"wp-block-spacer\"><\/div>\n<\/div>\n<\/div>\n\n\n\n<div style=\"height:30px\" aria-hidden=\"true\" class=\"wp-block-spacer\"><\/div>\n\n\n\n<div class=\"wp-block-columns is-layout-flex wp-container-core-columns-is-layout-9d6595d7 wp-block-columns-is-layout-flex\">\n<div class=\"wp-block-column is-layout-flow wp-block-column-is-layout-flow\">\n<p>tej wiosny b\u0119d\u0119 niebieska<br>zachwyc\u0119 si\u0119 niebem o wschodzie<br>niezapominajki posiej\u0119 w ogrodzie<br>niebieska te\u017c b\u0119d\u0119 w sobie<br>i wszystko b\u0119dzie niebieskie<br>niebieski p\u0142aszczyk i czapka<br>szalikiem otul\u0119 szyj\u0119<br>pofrun\u0119 z wiatrem do nieba<br>w niebieskiej ba\u0144ce mydlanej<\/p>\n\n\n\n<div style=\"height:20px\" aria-hidden=\"true\" class=\"wp-block-spacer\"><\/div>\n<\/div>\n\n\n\n<div class=\"wp-block-column is-layout-flow wp-block-column-is-layout-flow\">\n<p>pami\u0119ci mojej<br>daj u siebie mieszkanie Panie<br>tym wszystkim z kt\u00f3rymi sz\u0142am<br>i jeszcze p\u00f3jd\u0119 dalej<\/p>\n\n\n\n<div style=\"height:20px\" aria-hidden=\"true\" class=\"wp-block-spacer\"><\/div>\n<\/div>\n\n\n\n<div class=\"wp-block-column is-layout-flow wp-block-column-is-layout-flow\">\n<p>p\u0142atkami \u015bniegu<br>otulam swoj\u0105 twarz<br>dotyk tak delikatny<br>w subtelno\u015b\u0107 chwili<br>ubieram swe cia\u0142o<br>i unosz\u0119 ku Niebu serce<\/p>\n\n\n\n<p><\/p>\n\n\n\n<div style=\"height:20px\" aria-hidden=\"true\" class=\"wp-block-spacer\"><\/div>\n\n\n\n<p><\/p>\n\n\n\n<p class=\"has-text-align-right\"><\/p>\n<\/div>\n<\/div>\n\n\n\n<p>KASIA K.<\/p>\n\n\n\n<div style=\"height:30px\" aria-hidden=\"true\" class=\"wp-block-spacer\"><\/div>\n\n\n\n<hr class=\"wp-block-separator has-text-color has-background has-vivid-cyan-blue-background-color has-vivid-cyan-blue-color is-style-wide\"\/>\n\n\n\n<div style=\"height:30px\" aria-hidden=\"true\" class=\"wp-block-spacer\"><\/div>\n\n\n\n<div class=\"wp-block-columns is-layout-flex wp-container-core-columns-is-layout-9d6595d7 wp-block-columns-is-layout-flex\">\n<div class=\"wp-block-column is-layout-flow wp-block-column-is-layout-flow\">\n<p>Jestem zawieszony<br>Mi\u0119dzy przesz\u0142o\u015bci\u0105<br>A przysz\u0142ymi dniami<br>Mi\u0119dzy cierpieniem<br>A eufori\u0105<br>Prosz\u0119 ci\u0119<br>Je\u015bli mnie spotkasz<br>W\u015br\u00f3d s\u0142o\u0144ca<br>I ciemnych&nbsp;<br>D\u0142ugich w\u0142os\u00f3w<br>Anio\u0142\u00f3w<br>Prosz\u0119<br>Sprowad\u017a mnie<br>Do krainy<br>Ludzkich codziennych<br>Spraw<\/p>\n\n\n\n<div style=\"height:20px\" aria-hidden=\"true\" class=\"wp-block-spacer\"><\/div>\n<\/div>\n\n\n\n<div class=\"wp-block-column is-layout-flow wp-block-column-is-layout-flow\">\n<p>Szed\u0142em w deszczu<br>Szed\u0142em w wietrze<br>Spotka\u0142em cz\u0142owieka<br>Sta\u0142 na \u015brodku ulicy<br>Pi\u0142 deszcz<br>Co robisz<br>Jak to<br>Pij\u0119 deszcz i modl\u0119 si\u0119<br>Aby nigdy go nie brakowa\u0142o<br>Stan\u0105\u0142em obok niego<br>I modli\u0142em si\u0119<\/p>\n\n\n\n<div style=\"height:20px\" aria-hidden=\"true\" class=\"wp-block-spacer\"><\/div>\n<\/div>\n\n\n\n<div class=\"wp-block-column is-layout-flow wp-block-column-is-layout-flow\">\n<p>Deszcz deszcz<br>Ka\u0142u\u017ce w kt\u00f3rych<br>Odbijaj\u0105 si\u0119 nasze<br>Zm\u0119czone twarze<br>I ta nieustanna<br>Pogo\u0144<br>Za dobrem<br>Za z\u0142em<br>Za marzeniami<br>Kt\u00f3re jak top\u00f3r kat<br>Mierz\u0105 w g\u0142ow\u0119<br>I ten nieustanny<br>B\u00f3l duszy<br>Istnienie potrafi by\u0107<br>Przekle\u0144stwem<br>Istnienie potrafi by\u0107<br>B\u0142ogostanem<br>Dok\u0105d dok\u0105d<br>Tak wam<br>\u015apieszno<br>Bracia<br>Bracia moi<\/p>\n\n\n\n<div style=\"height:20px\" aria-hidden=\"true\" class=\"wp-block-spacer\"><\/div>\n<\/div>\n<\/div>\n\n\n\n<p>R.D.S.&nbsp;&#8211; poezja by\u0142ego pacjenta z Oddzia\u0142u II, kt\u00f3rego wiersze zosta\u0142y zamieszczone m.in. w tomiku \u201eMorze i mi\u0142o\u015b\u0107\u201d &#8211; almanachu poet\u00f3w ko\u0142obrzeskich<\/p>\n\n\n\n<div style=\"height:30px\" aria-hidden=\"true\" class=\"wp-block-spacer\"><\/div>\n\n\n\n<hr class=\"wp-block-separator has-text-color has-background has-vivid-cyan-blue-background-color has-vivid-cyan-blue-color is-style-wide\"\/>\n\n\n\n<div style=\"height:30px\" aria-hidden=\"true\" class=\"wp-block-spacer\"><\/div>\n\n\n\n<div class=\"wp-block-columns is-layout-flex wp-container-core-columns-is-layout-9d6595d7 wp-block-columns-is-layout-flex\">\n<div class=\"wp-block-column is-layout-flow wp-block-column-is-layout-flow\">\n<p>PATRZ\u0104C W LUSTRO<\/p>\n\n\n\n<p>Kiedy patrz\u0119 w lustro<br>Widz\u0119 nie t\u0119 osob\u0119 co chcia\u0142bym widzie\u0107<br>Mo\u017ce to tylko z\u0142udzenie<br>Tak jak spacerujesz po mie\u015bcie<br>Wydaje si\u0119 Tobie \u017ce widzisz<br>Osob\u0119 kt\u00f3r\u0105 znasz<br>Tak jak ja patrz\u0119 w lustro<br>I nie znam w\u0142asnego odbicia<br>Jestem spokojny, opanowany<br>Jestem dobry z domieszk\u0105 z\u0142a<br>Bo nikt do ko\u0144ca nie<br>Jest dobry<br>Patrz\u0119 w lustro<br>I wiem kim chcia\u0142bym by\u0107 w przysz\u0142o\u015bci<br>Mo\u017ce to tylko marzenia<br>Lecz wiem co chcia\u0142bym w \u017cyciu robi\u0107<br>Nie poznam w\u0142asnej przysz\u0142o\u015bci ju\u017c teraz<br>Lecz gdy nadejdzie czas b\u0119d\u0119 got\u00f3w<br>A Ty co my\u015blisz patrz\u0105c w lustro?<br>O przysz\u0142o\u015bci?<br>Czy jak wygl\u0105dasz?<br>O czym my\u015blisz?<br>Co spotka Ciebie dzisiejszego dnia?<br>Popatrz w lustro i pomy\u015bl<\/p>\n\n\n\n<div style=\"height:20px\" aria-hidden=\"true\" class=\"wp-block-spacer\"><\/div>\n<\/div>\n\n\n\n<div class=\"wp-block-column is-layout-flow wp-block-column-is-layout-flow\">\n<p>SUMIENIE<\/p>\n\n\n\n<p>Jestem Twoj\u0105 prawd\u0105&#8230;\u00a0<br>Kiedy m\u00f3wisz k\u0142amstwa<br>Jestem Twoim s\u0142uchem&#8230;\u00a0<br>Gdy udajesz \u017ce nic nie s\u0142yszysz<br>Jestem Twoim wzrokiem&#8230;<br>Gdy ty uwa\u017casz \u017ce nic nie widzisz<br>Jestem Twoim g\u0142osem&#8230;\u00a0<br>Kiedy nic nie m\u00f3wisz<br>Jestem Twoj\u0105 wiar\u0105&#8230;\u00a0<br>Gdy nie chcesz wierzy\u0107<br>Jestem Twoim doradc\u0105&#8230;\u00a0<br>Kiedy mnie potrzebujesz<br>Jestem Twoim \u017calem&#8230;\u00a0<br>Gdy jeste\u015b winny<br>Przykre, ale prawdziwe&#8230;\u00a0<br>Jestem Twoim sumieniem<\/p>\n\n\n\n<div style=\"height:20px\" aria-hidden=\"true\" class=\"wp-block-spacer\"><\/div>\n<\/div>\n\n\n\n<div class=\"wp-block-column is-layout-flow wp-block-column-is-layout-flow\">\n<p>NOWY DZIE\u0143<\/p>\n\n\n\n<p>Czas p\u0142ynie nieub\u0142aganie<br>Dla Ciebie i dla mnie<br>Z ka\u017cdym dniem jeste\u015bmy<br>Dojrzalsi o ten jeden kt\u00f3ry min\u0105\u0142<br>Ka\u017cdy kolejny dzie\u0144 jest wielk\u0105 niewiadom\u0105<br>Kto z nas wie co przyniesie jutro<br>A co dopiero dzisiejszy dzie\u0144<br>Kt\u00f3ry dopiero si\u0119 zacz\u0105\u0142<br>Mo\u017cemy mie\u0107 tylko nadziej\u0119<br>\u017be on b\u0119dzie dobry<br>Przyniesie nam szcz\u0119\u015bcie<br>I rado\u015b\u0107<br>Ka\u017cdy dzie\u0144 mo\u017ce by\u0107 pi\u0119kny<br>Mo\u017ce by\u0107 je\u015bli tego chcemy<br>Mo\u017cna cieszy\u0107 si\u0119 \u017cyciem<br>Cieszy\u0107 si\u0119 \u017ce w og\u00f3le go mamy<\/p>\n\n\n\n<div style=\"height:20px\" aria-hidden=\"true\" class=\"wp-block-spacer\"><\/div>\n<\/div>\n<\/div>\n\n\n\n<p>Tomasz Z.&nbsp;&#8211; by\u0142y pacjent oddzia\u0142u 19c<\/p>\n\n\n\n<div style=\"height:30px\" aria-hidden=\"true\" class=\"wp-block-spacer\"><\/div>\n\n\n\n<hr class=\"wp-block-separator has-text-color has-background has-vivid-cyan-blue-background-color has-vivid-cyan-blue-color is-style-wide\"\/>\n\n\n\n<div style=\"height:30px\" aria-hidden=\"true\" class=\"wp-block-spacer\"><\/div>\n\n\n\n<div class=\"wp-block-columns is-layout-flex wp-container-core-columns-is-layout-9d6595d7 wp-block-columns-is-layout-flex\">\n<div class=\"wp-block-column is-layout-flow wp-block-column-is-layout-flow\">\n<p>Nikt w okolicy nie wie<br>\u017be byli\u015bmy w Pszczewie<br>Jechali\u015bmy autobusem PKS<br>Objechali\u015bmy ca\u0142\u0105 wie\u015b<br>Byli\u015bmy w domu szewca<br>I grzeczny by\u0142 Pan Kierowca<br>Pojechali\u015bmy nad jezioro<br>I by\u0142o nas czterdzie\u015bcioro<br>\u017beby nie by\u0142o nam smutno<br>Gra\u0142o nam radio i rozpalono ognisko<br>Jedli\u015bmy kie\u0142bas\u0119 na gor\u0105co<br>Ptaszki nam \u015bpiewa\u0142y i by\u0142o nam koj\u0105co<br>Za\u015bwieci\u0142o nam s\u0142o\u0144ce<br>I chodzili\u015bmy po molo po \u0142\u0105ce<br>Trudno nam by\u0142o wraca\u0107 do domu<br>I nie m\u00f3wili\u015bmy nic nikomu.<\/p>\n\n\n\n<div style=\"height:20px\" aria-hidden=\"true\" class=\"wp-block-spacer\"><\/div>\n<\/div>\n\n\n\n<div class=\"wp-block-column is-layout-flow wp-block-column-is-layout-flow\">\n<p>W sumie od poniedzia\u0142ku do pi\u0105tku<br>Pragn\u0119 s\u0142ysze\u0107 o nowym porz\u0105dku<br>Gdy wstaj\u0119 wcze\u015bnie rano<br>To boli mnie kolano<br>Id\u0119 na \u015bniadanie<br>Smakuje mi nies\u0142ychanie<br>Przed \u015bniadaniem si\u0119 umyj\u0119<br>To trwa tylko chwil\u0119<br>Po \u015bniadaniu idziemy na gimnastyk\u0119<br>To trwa tylko chwil\u0119<\/p>\n\n\n\n<div style=\"height:20px\" aria-hidden=\"true\" class=\"wp-block-spacer\"><\/div>\n<\/div>\n\n\n\n<div class=\"wp-block-column is-layout-flow wp-block-column-is-layout-flow\">\n<p>Chyba jest tak w ca\u0142ym kraju<br>\u017be gor\u0105co jest w maju<br>Chodzimy do Klubu kilka razy w tygodniu<br>Pijemy tam kaw\u0119 i herbat\u0119<br>I te\u017c na zabawie<br>Tak\u017ce na wyk\u0142ady<br>Pani Monika ma z nami wyk\u0142ady<br>Pokazuje nam r\u00f3\u017cne sztuczki<br>Kto jej s\u0142ucha nigdy nie jest smutny<br>A\u017c \u0142za si\u0119 w oku kreci<br>Bo wygl\u0105damy jak dzieci.<\/p>\n\n\n\n<div style=\"height:20px\" aria-hidden=\"true\" class=\"wp-block-spacer\"><\/div>\n<\/div>\n<\/div>\n\n\n\n<p>Monika<\/p>\n\n\n\n<div style=\"height:30px\" aria-hidden=\"true\" class=\"wp-block-spacer\"><\/div>\n\n\n\n<hr class=\"wp-block-separator has-text-color has-background has-black-background-color has-black-color is-style-wide\"\/>\n\n\n\n<div style=\"height:100px\" aria-hidden=\"true\" class=\"wp-block-spacer\"><\/div>\n\n\n\n<h2 class=\"wp-block-heading\">II. PRACE PLASTYCZNE<\/h2>\n\n\n\n<div style=\"height:28px\" aria-hidden=\"true\" class=\"wp-block-spacer\"><\/div>\n\n\n\n<figure class=\"wp-block-gallery columns-3 is-cropped wp-block-gallery-1 is-layout-flex wp-block-gallery-is-layout-flex\"><ul class=\"blocks-gallery-grid\"><li class=\"blocks-gallery-item\"><figure><img loading=\"lazy\" decoding=\"async\" width=\"533\" height=\"400\" src=\"https:\/\/obrzyce.eu\/wp-content\/uploads\/2021\/12\/show_image-533x400.jpeg\" alt=\"\" data-id=\"3135\" data-link=\"https:\/\/obrzyce.eu\/index.php\/centrum-terapii\/show_image\/\" class=\"wp-image-3135\" srcset=\"https:\/\/obrzyce.eu\/wp-content\/uploads\/2021\/12\/show_image-533x400.jpeg 533w, https:\/\/obrzyce.eu\/wp-content\/uploads\/2021\/12\/show_image-400x300.jpeg 400w, https:\/\/obrzyce.eu\/wp-content\/uploads\/2021\/12\/show_image.jpeg 600w\" sizes=\"auto, (max-width: 533px) 100vw, 533px\" \/><\/figure><\/li><li class=\"blocks-gallery-item\"><figure><img loading=\"lazy\" decoding=\"async\" width=\"533\" height=\"400\" src=\"https:\/\/obrzyce.eu\/wp-content\/uploads\/2021\/12\/show_image2-533x400.jpeg\" alt=\"\" data-id=\"3134\" data-link=\"https:\/\/obrzyce.eu\/index.php\/centrum-terapii\/show_image2\/\" class=\"wp-image-3134\" srcset=\"https:\/\/obrzyce.eu\/wp-content\/uploads\/2021\/12\/show_image2-533x400.jpeg 533w, https:\/\/obrzyce.eu\/wp-content\/uploads\/2021\/12\/show_image2-400x300.jpeg 400w, https:\/\/obrzyce.eu\/wp-content\/uploads\/2021\/12\/show_image2.jpeg 600w\" sizes=\"auto, (max-width: 533px) 100vw, 533px\" \/><\/figure><\/li><li class=\"blocks-gallery-item\"><figure><img loading=\"lazy\" decoding=\"async\" width=\"591\" height=\"400\" src=\"https:\/\/obrzyce.eu\/wp-content\/uploads\/2021\/12\/show_image3-591x400.jpeg\" alt=\"\" data-id=\"3133\" data-link=\"https:\/\/obrzyce.eu\/index.php\/centrum-terapii\/show_image3\/\" class=\"wp-image-3133\" srcset=\"https:\/\/obrzyce.eu\/wp-content\/uploads\/2021\/12\/show_image3-591x400.jpeg 591w, https:\/\/obrzyce.eu\/wp-content\/uploads\/2021\/12\/show_image3-443x300.jpeg 443w, https:\/\/obrzyce.eu\/wp-content\/uploads\/2021\/12\/show_image3.jpeg 600w\" sizes=\"auto, (max-width: 591px) 100vw, 591px\" \/><\/figure><\/li><li class=\"blocks-gallery-item\"><figure><img loading=\"lazy\" decoding=\"async\" width=\"300\" height=\"400\" src=\"https:\/\/obrzyce.eu\/wp-content\/uploads\/2021\/12\/20211104085637_20211025_105113-300x400.jpg\" alt=\"\" data-id=\"3219\" data-full-url=\"https:\/\/obrzyce.eu\/wp-content\/uploads\/2021\/12\/20211104085637_20211025_105113.jpg\" data-link=\"https:\/\/obrzyce.eu\/index.php\/tworczosc-pacjentow\/20211104085637_20211025_105113\/\" class=\"wp-image-3219\" srcset=\"https:\/\/obrzyce.eu\/wp-content\/uploads\/2021\/12\/20211104085637_20211025_105113-300x400.jpg 300w, https:\/\/obrzyce.eu\/wp-content\/uploads\/2021\/12\/20211104085637_20211025_105113-225x300.jpg 225w, https:\/\/obrzyce.eu\/wp-content\/uploads\/2021\/12\/20211104085637_20211025_105113.jpg 600w\" sizes=\"auto, (max-width: 300px) 100vw, 300px\" \/><\/figure><\/li><li class=\"blocks-gallery-item\"><figure><img loading=\"lazy\" decoding=\"async\" width=\"300\" height=\"400\" src=\"https:\/\/obrzyce.eu\/wp-content\/uploads\/2021\/12\/20211104085259_20211025_104939-300x400.jpg\" alt=\"\" data-id=\"3224\" data-full-url=\"https:\/\/obrzyce.eu\/wp-content\/uploads\/2021\/12\/20211104085259_20211025_104939.jpg\" data-link=\"https:\/\/obrzyce.eu\/index.php\/tworczosc-pacjentow\/20211104085259_20211025_104939\/\" class=\"wp-image-3224\" srcset=\"https:\/\/obrzyce.eu\/wp-content\/uploads\/2021\/12\/20211104085259_20211025_104939-300x400.jpg 300w, https:\/\/obrzyce.eu\/wp-content\/uploads\/2021\/12\/20211104085259_20211025_104939-225x300.jpg 225w, https:\/\/obrzyce.eu\/wp-content\/uploads\/2021\/12\/20211104085259_20211025_104939.jpg 500w\" sizes=\"auto, (max-width: 300px) 100vw, 300px\" \/><\/figure><\/li><li class=\"blocks-gallery-item\"><figure><img loading=\"lazy\" decoding=\"async\" width=\"300\" height=\"400\" src=\"https:\/\/obrzyce.eu\/wp-content\/uploads\/2021\/12\/20211104085206_20211025_104915-300x400.jpg\" alt=\"\" data-id=\"3226\" data-full-url=\"https:\/\/obrzyce.eu\/wp-content\/uploads\/2021\/12\/20211104085206_20211025_104915.jpg\" data-link=\"https:\/\/obrzyce.eu\/index.php\/tworczosc-pacjentow\/20211104085206_20211025_104915\/\" class=\"wp-image-3226\" srcset=\"https:\/\/obrzyce.eu\/wp-content\/uploads\/2021\/12\/20211104085206_20211025_104915-300x400.jpg 300w, https:\/\/obrzyce.eu\/wp-content\/uploads\/2021\/12\/20211104085206_20211025_104915-225x300.jpg 225w, https:\/\/obrzyce.eu\/wp-content\/uploads\/2021\/12\/20211104085206_20211025_104915.jpg 500w\" sizes=\"auto, (max-width: 300px) 100vw, 300px\" \/><\/figure><\/li><li class=\"blocks-gallery-item\"><figure><img loading=\"lazy\" decoding=\"async\" width=\"533\" height=\"400\" src=\"https:\/\/obrzyce.eu\/wp-content\/uploads\/2021\/12\/20211104085611_20211025_105038-533x400.jpg\" alt=\"\" data-id=\"3220\" data-full-url=\"https:\/\/obrzyce.eu\/wp-content\/uploads\/2021\/12\/20211104085611_20211025_105038.jpg\" data-link=\"https:\/\/obrzyce.eu\/index.php\/tworczosc-pacjentow\/20211104085611_20211025_105038\/\" class=\"wp-image-3220\" srcset=\"https:\/\/obrzyce.eu\/wp-content\/uploads\/2021\/12\/20211104085611_20211025_105038-533x400.jpg 533w, https:\/\/obrzyce.eu\/wp-content\/uploads\/2021\/12\/20211104085611_20211025_105038-400x300.jpg 400w, https:\/\/obrzyce.eu\/wp-content\/uploads\/2021\/12\/20211104085611_20211025_105038-768x576.jpg 768w, https:\/\/obrzyce.eu\/wp-content\/uploads\/2021\/12\/20211104085611_20211025_105038.jpg 800w\" sizes=\"auto, (max-width: 533px) 100vw, 533px\" \/><\/figure><\/li><li class=\"blocks-gallery-item\"><figure><img loading=\"lazy\" decoding=\"async\" width=\"533\" height=\"400\" src=\"https:\/\/obrzyce.eu\/wp-content\/uploads\/2021\/12\/20211104085548_20211025_105028-533x400.jpg\" alt=\"\" data-id=\"3221\" data-full-url=\"https:\/\/obrzyce.eu\/wp-content\/uploads\/2021\/12\/20211104085548_20211025_105028.jpg\" data-link=\"https:\/\/obrzyce.eu\/index.php\/tworczosc-pacjentow\/20211104085548_20211025_105028\/\" class=\"wp-image-3221\" srcset=\"https:\/\/obrzyce.eu\/wp-content\/uploads\/2021\/12\/20211104085548_20211025_105028-533x400.jpg 533w, https:\/\/obrzyce.eu\/wp-content\/uploads\/2021\/12\/20211104085548_20211025_105028-400x300.jpg 400w, https:\/\/obrzyce.eu\/wp-content\/uploads\/2021\/12\/20211104085548_20211025_105028-768x576.jpg 768w, https:\/\/obrzyce.eu\/wp-content\/uploads\/2021\/12\/20211104085548_20211025_105028.jpg 800w\" sizes=\"auto, (max-width: 533px) 100vw, 533px\" \/><\/figure><\/li><li class=\"blocks-gallery-item\"><figure><img loading=\"lazy\" decoding=\"async\" width=\"533\" height=\"400\" src=\"https:\/\/obrzyce.eu\/wp-content\/uploads\/2021\/12\/20211104085327_20211025_105001-533x400.jpg\" alt=\"\" data-id=\"3223\" data-full-url=\"https:\/\/obrzyce.eu\/wp-content\/uploads\/2021\/12\/20211104085327_20211025_105001.jpg\" data-link=\"https:\/\/obrzyce.eu\/index.php\/tworczosc-pacjentow\/20211104085327_20211025_105001\/\" class=\"wp-image-3223\" srcset=\"https:\/\/obrzyce.eu\/wp-content\/uploads\/2021\/12\/20211104085327_20211025_105001-533x400.jpg 533w, https:\/\/obrzyce.eu\/wp-content\/uploads\/2021\/12\/20211104085327_20211025_105001-400x300.jpg 400w, https:\/\/obrzyce.eu\/wp-content\/uploads\/2021\/12\/20211104085327_20211025_105001-768x576.jpg 768w, https:\/\/obrzyce.eu\/wp-content\/uploads\/2021\/12\/20211104085327_20211025_105001.jpg 800w\" sizes=\"auto, (max-width: 533px) 100vw, 533px\" \/><\/figure><\/li><li class=\"blocks-gallery-item\"><figure><img loading=\"lazy\" decoding=\"async\" width=\"533\" height=\"400\" src=\"https:\/\/obrzyce.eu\/wp-content\/uploads\/2021\/12\/20211104085508_20211025_105011-533x400.jpg\" alt=\"\" data-id=\"3222\" data-full-url=\"https:\/\/obrzyce.eu\/wp-content\/uploads\/2021\/12\/20211104085508_20211025_105011.jpg\" data-link=\"https:\/\/obrzyce.eu\/index.php\/tworczosc-pacjentow\/20211104085508_20211025_105011\/\" class=\"wp-image-3222\" srcset=\"https:\/\/obrzyce.eu\/wp-content\/uploads\/2021\/12\/20211104085508_20211025_105011-533x400.jpg 533w, https:\/\/obrzyce.eu\/wp-content\/uploads\/2021\/12\/20211104085508_20211025_105011-400x300.jpg 400w, https:\/\/obrzyce.eu\/wp-content\/uploads\/2021\/12\/20211104085508_20211025_105011-768x576.jpg 768w, https:\/\/obrzyce.eu\/wp-content\/uploads\/2021\/12\/20211104085508_20211025_105011.jpg 800w\" sizes=\"auto, (max-width: 533px) 100vw, 533px\" \/><\/figure><\/li><li class=\"blocks-gallery-item\"><figure><img loading=\"lazy\" decoding=\"async\" width=\"533\" height=\"400\" src=\"https:\/\/obrzyce.eu\/wp-content\/uploads\/2021\/12\/20211104085232_20211025_104927-533x400.jpg\" alt=\"\" data-id=\"3225\" data-full-url=\"https:\/\/obrzyce.eu\/wp-content\/uploads\/2021\/12\/20211104085232_20211025_104927.jpg\" data-link=\"https:\/\/obrzyce.eu\/index.php\/tworczosc-pacjentow\/20211104085232_20211025_104927\/\" class=\"wp-image-3225\" srcset=\"https:\/\/obrzyce.eu\/wp-content\/uploads\/2021\/12\/20211104085232_20211025_104927-533x400.jpg 533w, https:\/\/obrzyce.eu\/wp-content\/uploads\/2021\/12\/20211104085232_20211025_104927-400x300.jpg 400w, https:\/\/obrzyce.eu\/wp-content\/uploads\/2021\/12\/20211104085232_20211025_104927-768x576.jpg 768w, https:\/\/obrzyce.eu\/wp-content\/uploads\/2021\/12\/20211104085232_20211025_104927.jpg 800w\" sizes=\"auto, (max-width: 533px) 100vw, 533px\" \/><\/figure><\/li><li class=\"blocks-gallery-item\"><figure><img loading=\"lazy\" decoding=\"async\" width=\"533\" height=\"400\" src=\"https:\/\/obrzyce.eu\/wp-content\/uploads\/2021\/12\/20211104084340_20211025_104851-533x400.jpg\" alt=\"\" data-id=\"3228\" data-full-url=\"https:\/\/obrzyce.eu\/wp-content\/uploads\/2021\/12\/20211104084340_20211025_104851.jpg\" data-link=\"https:\/\/obrzyce.eu\/index.php\/tworczosc-pacjentow\/20211104084340_20211025_104851\/\" class=\"wp-image-3228\" srcset=\"https:\/\/obrzyce.eu\/wp-content\/uploads\/2021\/12\/20211104084340_20211025_104851-533x400.jpg 533w, https:\/\/obrzyce.eu\/wp-content\/uploads\/2021\/12\/20211104084340_20211025_104851-400x300.jpg 400w, https:\/\/obrzyce.eu\/wp-content\/uploads\/2021\/12\/20211104084340_20211025_104851-768x576.jpg 768w, https:\/\/obrzyce.eu\/wp-content\/uploads\/2021\/12\/20211104084340_20211025_104851.jpg 800w\" sizes=\"auto, (max-width: 533px) 100vw, 533px\" \/><\/figure><\/li><\/ul><\/figure>\n<div class=\"gsp_post_data\" data-post_type=\"page\" data-cat=\"\" data-modified=\"120\" data-title=\"TW\u00d3RCZO\u015a\u0106 PACJENT\u00d3W\" data-home=\"https:\/\/obrzyce.eu\"><\/div>","protected":false},"excerpt":{"rendered":"<p>I. POEZJA &#8211; &#8220;MY, Z DRUGIEGO BRZEGU&#8221; Pami\u0119tamy, \u017ce SPSNPCH istnieje tylko dzi\u0119ki temu, \u017ce w tym miejscu chc\u0105 lub musz\u0105 przebywa\u0107 osoby, w kt\u00f3rych \u017cyciu wydarzy\u0142 si\u0119 jaki\u015b kryzys psychiczny. Pod powy\u017cszym tytu\u0142em przedstawiamy wybrane wiersze naszych pacjent\u00f3w i zach\u0119camy do dzielenia si\u0119 efektami zaj\u0119\u0107 terapeutycznych poprzez r\u00f3\u017cne formy sztuki. &nbsp;&nbsp;&nbsp;&nbsp;&nbsp;&nbsp;&nbsp;&nbsp;&nbsp;&nbsp;&nbsp;&nbsp;&nbsp;&nbsp;&nbsp;&nbsp;&nbsp;&nbsp;&nbsp;&nbsp;&nbsp;&nbsp;&nbsp;&nbsp;&nbsp;&nbsp;&nbsp;&nbsp;&nbsp;&nbsp;&nbsp;&nbsp;&nbsp;&nbsp; Nie pytaj mnie [&hellip;]<\/p>\n","protected":false},"author":1,"featured_media":0,"parent":0,"menu_order":52,"comment_status":"closed","ping_status":"closed","template":"","meta":{"_eb_attr":"","inline_featured_image":false,"footnotes":""},"class_list":["post-2874","page","type-page","status-publish","hentry","clearfix"],"_links":{"self":[{"href":"https:\/\/obrzyce.eu\/index.php\/wp-json\/wp\/v2\/pages\/2874","targetHints":{"allow":["GET"]}}],"collection":[{"href":"https:\/\/obrzyce.eu\/index.php\/wp-json\/wp\/v2\/pages"}],"about":[{"href":"https:\/\/obrzyce.eu\/index.php\/wp-json\/wp\/v2\/types\/page"}],"author":[{"embeddable":true,"href":"https:\/\/obrzyce.eu\/index.php\/wp-json\/wp\/v2\/users\/1"}],"replies":[{"embeddable":true,"href":"https:\/\/obrzyce.eu\/index.php\/wp-json\/wp\/v2\/comments?post=2874"}],"version-history":[{"count":28,"href":"https:\/\/obrzyce.eu\/index.php\/wp-json\/wp\/v2\/pages\/2874\/revisions"}],"predecessor-version":[{"id":3271,"href":"https:\/\/obrzyce.eu\/index.php\/wp-json\/wp\/v2\/pages\/2874\/revisions\/3271"}],"wp:attachment":[{"href":"https:\/\/obrzyce.eu\/index.php\/wp-json\/wp\/v2\/media?parent=2874"}],"curies":[{"name":"wp","href":"https:\/\/api.w.org\/{rel}","templated":true}]}}