{"id":2826,"date":"2021-12-22T22:23:42","date_gmt":"2021-12-22T21:23:42","guid":{"rendered":"https:\/\/obrzyce.eu\/?page_id=2826"},"modified":"2025-02-26T10:28:00","modified_gmt":"2025-02-26T09:28:00","slug":"lokalizacja-i-dojazd","status":"publish","type":"page","link":"https:\/\/obrzyce.eu\/index.php\/lokalizacja-i-dojazd\/","title":{"rendered":"LOKALIZACJA I DOJAZD"},"content":{"rendered":"\n<iframe src=\"https:\/\/www.google.com\/maps\/embed?pb=!1m14!1m8!1m3!1d9727.779465540403!2d15.6101928!3d52.4439135!3m2!1i1024!2i768!4f13.1!3m3!1m2!1s0x4706f35a41e1cc5f%3A0xeab7df99b023ebf1!2sSamodzielny%20Publiczny%20Szpital%20dla%20Nerwowo%20i%20Psychicznie%20Chorych!5e0!3m2!1spl!2spl!4v1640608155146!5m2!1spl!2spl\" width=\"100%\" height=\"600\" style=\"border:0;\" allowfullscreen=\"\" loading=\"lazy\"><\/iframe>\n\n\n\n<div style=\"height:40px\" aria-hidden=\"true\" class=\"wp-block-spacer\"><\/div>\n\n\n\n<figure class=\"wp-block-table\"><table><tbody><tr><td>&nbsp;<strong>POWIAT:<\/strong><\/td><td>&nbsp;&nbsp;&nbsp;&nbsp;&nbsp;&nbsp;<strong>mi\u0119dzyrzecki<\/strong><\/td><\/tr><tr><td>&nbsp;<strong>WOJEW\u00d3DZTWO:<\/strong><\/td><td>&nbsp;&nbsp;&nbsp;&nbsp;&nbsp;&nbsp;<strong>lubuskie<\/strong><\/td><\/tr><tr><td>&nbsp;<strong>ADRES:<\/strong><\/td><td>&nbsp;&nbsp;&nbsp;&nbsp;&nbsp;&nbsp;<strong>ul. Pozna\u0144ska 109<\/strong><\/td><\/tr><tr><td>&nbsp;<strong>KOD:<\/strong><\/td><td>&nbsp;&nbsp;&nbsp;&nbsp;&nbsp;&nbsp;<strong>66-300<\/strong><\/td><\/tr><tr><td>&nbsp;<strong>MIEJSCOWO\u015a\u0106:<\/strong><\/td><td>&nbsp; &nbsp;&nbsp;&nbsp;&nbsp;<strong>Mi\u0119dzyrzecz<\/strong><\/td><\/tr><\/tbody><\/table><\/figure>\n\n\n\n<div style=\"height:40px\" aria-hidden=\"true\" class=\"wp-block-spacer\"><\/div>\n\n\n\n<p><\/p>\n<div class=\"gsp_post_data\" data-post_type=\"page\" data-cat=\"\" data-modified=\"120\" data-title=\"LOKALIZACJA I DOJAZD\" data-home=\"https:\/\/obrzyce.eu\"><\/div>","protected":false},"excerpt":{"rendered":"<p>&nbsp;POWIAT: &nbsp;&nbsp;&nbsp;&nbsp;&nbsp;&nbsp;mi\u0119dzyrzecki &nbsp;WOJEW\u00d3DZTWO: &nbsp;&nbsp;&nbsp;&nbsp;&nbsp;&nbsp;lubuskie &nbsp;ADRES: &nbsp;&nbsp;&nbsp;&nbsp;&nbsp;&nbsp;ul. Pozna\u0144ska 109 &nbsp;KOD: &nbsp;&nbsp;&nbsp;&nbsp;&nbsp;&nbsp;66-300 &nbsp;MIEJSCOWO\u015a\u0106: &nbsp; &nbsp;&nbsp;&nbsp;&nbsp;Mi\u0119dzyrzecz<\/p>\n","protected":false},"author":1,"featured_media":0,"parent":0,"menu_order":37,"comment_status":"closed","ping_status":"closed","template":"","meta":{"_eb_attr":"","inline_featured_image":false,"footnotes":""},"class_list":["post-2826","page","type-page","status-publish","hentry","clearfix"],"_links":{"self":[{"href":"https:\/\/obrzyce.eu\/index.php\/wp-json\/wp\/v2\/pages\/2826","targetHints":{"allow":["GET"]}}],"collection":[{"href":"https:\/\/obrzyce.eu\/index.php\/wp-json\/wp\/v2\/pages"}],"about":[{"href":"https:\/\/obrzyce.eu\/index.php\/wp-json\/wp\/v2\/types\/page"}],"author":[{"embeddable":true,"href":"https:\/\/obrzyce.eu\/index.php\/wp-json\/wp\/v2\/users\/1"}],"replies":[{"embeddable":true,"href":"https:\/\/obrzyce.eu\/index.php\/wp-json\/wp\/v2\/comments?post=2826"}],"version-history":[{"count":6,"href":"https:\/\/obrzyce.eu\/index.php\/wp-json\/wp\/v2\/pages\/2826\/revisions"}],"predecessor-version":[{"id":6637,"href":"https:\/\/obrzyce.eu\/index.php\/wp-json\/wp\/v2\/pages\/2826\/revisions\/6637"}],"wp:attachment":[{"href":"https:\/\/obrzyce.eu\/index.php\/wp-json\/wp\/v2\/media?parent=2826"}],"curies":[{"name":"wp","href":"https:\/\/api.w.org\/{rel}","templated":true}]}}