{"id":2822,"date":"2021-12-22T22:23:04","date_gmt":"2021-12-22T21:23:04","guid":{"rendered":"https:\/\/obrzyce.eu\/?page_id=2822"},"modified":"2026-02-02T14:05:10","modified_gmt":"2026-02-02T13:05:10","slug":"personel-medyczny","status":"publish","type":"page","link":"https:\/\/obrzyce.eu\/index.php\/personel-medyczny\/","title":{"rendered":"KOM\u00d3RKI MEDYCZNE"},"content":{"rendered":"\n<div class=\"wp-block-columns alignfull has-text-color has-background is-layout-flex wp-container-core-columns-is-layout-9d6595d7 wp-block-columns-is-layout-flex\" style=\"color:#000000;background-color:#ffffff\">\n<div class=\"wp-block-column is-vertically-aligned-bottom is-layout-flow wp-block-column-is-layout-flow\">\n<h4 class=\"wp-block-heading has-text-align-center\" id=\"izba-przyjec\" style=\"font-size:24px;line-height:1.3\">Izba przyj\u0119\u0107<\/h4>\n\n\n\n<p class=\"has-text-align-center has-black-color has-text-color\">tel. (95) 7428 707 <br><br>fax (95) 7428 708<br><br><a href=\"mailto:ip@obrzyce.eu\">ip@obrzyce.eu<\/a><\/p>\n<\/div>\n<\/div>\n\n\n\n<div class=\"wp-block-columns alignfull has-text-color has-background is-layout-flex wp-container-core-columns-is-layout-9d6595d7 wp-block-columns-is-layout-flex\" style=\"color:#000000;background-color:#ffffff\">\n<div class=\"wp-block-column is-layout-flow wp-block-column-is-layout-flow\">\n<h4 class=\"wp-block-heading\" id=\"pracownia-rtg-usg\" style=\"font-size:24px;line-height:1.3\">Pracownia RTG \/ EKG<\/h4>\n\n\n\n<p>tel. (95) 7428 748<br><br><a href=\"mailto:rtg@obrzyce.eu\">rtg@obrzyce.eu<\/a><\/p>\n<\/div>\n\n\n\n<div class=\"wp-block-column is-layout-flow wp-block-column-is-layout-flow\">\n<h4 class=\"wp-block-heading\" id=\"pracownia-eeg\" style=\"font-size:24px;line-height:1.3\">Pracownia EEG<\/h4>\n\n\n\n<p>tel. (95) 7428 749<br><br><a href=\"mailto:eeg@obrzyce.eu\">eeg@obrzyce.eu<\/a><\/p>\n<\/div>\n\n\n\n<div class=\"wp-block-column is-layout-flow wp-block-column-is-layout-flow\">\n<h4 class=\"wp-block-heading\" id=\"fizjoterapia\" style=\"font-size:24px;line-height:1.3\">Fizjoterapia<\/h4>\n\n\n\n<p>tel. (95) 7428 752<\/p>\n\n\n\n<p><a href=\"mailto:zf@obrzyce.eu\">zf@obrzyce.eu<\/a><\/p>\n<\/div>\n<\/div>\n\n\n\n<div class=\"wp-block-columns alignfull has-text-color has-background is-layout-flex wp-container-core-columns-is-layout-9d6595d7 wp-block-columns-is-layout-flex\" style=\"color:#000000;background-color:#ffffff\">\n<div class=\"wp-block-column is-layout-flow wp-block-column-is-layout-flow\">\n<h4 class=\"wp-block-heading\" id=\"rejestracja-do-poradni\" style=\"font-size:24px;line-height:1.3\">Rejestracja do poradni<\/h4>\n\n\n\n<p>tel. (95) 7428 756<\/p>\n<\/div>\n\n\n\n<div class=\"wp-block-column is-layout-flow wp-block-column-is-layout-flow\">\n<h4 class=\"wp-block-heading\" id=\"poradnia-neurologiczna-uzaleznien-medycyny-pracy\" style=\"font-size:24px;line-height:1.3\">Poradnia neurologiczna \/ uzale\u017cnie\u0144<\/h4>\n\n\n\n<p>tel. (95) 7428 757<\/p>\n<\/div>\n\n\n\n<div class=\"wp-block-column is-layout-flow wp-block-column-is-layout-flow\">\n<h4 class=\"wp-block-heading\" id=\"poradnia-zdrowia-psychicznego\" style=\"font-size:24px;line-height:1.3\">Poradnia Zdrowia Psychicznego<\/h4>\n\n\n\n<p>tel. (95) 7428 758<\/p>\n<\/div>\n<\/div>\n\n\n\n<div class=\"wp-block-columns alignfull has-text-color has-background is-layout-flex wp-container-core-columns-is-layout-9d6595d7 wp-block-columns-is-layout-flex\" style=\"color:#000000;background-color:#ffffff\">\n<div class=\"wp-block-column is-layout-flow wp-block-column-is-layout-flow\">\n<h4 class=\"wp-block-heading\" id=\"epidemiolog\" style=\"font-size:24px;line-height:1.3\">Epidemiolog<\/h4>\n\n\n\n<p>tel. (95) 7428 727<br><br><a href=\"mailto:piel.epi@obrzyce.eu\">piel.epi@obrzyce.eu<\/a><\/p>\n<\/div>\n\n\n\n<div class=\"wp-block-column is-layout-flow wp-block-column-is-layout-flow\">\n<h4 class=\"wp-block-heading\" id=\"laboratorium\" style=\"font-size:24px;line-height:1.3\">Laboratorium<\/h4>\n\n\n\n<p class=\"has-black-color has-text-color\">tel. (95) 7428 746<br><br><a href=\"mailto:laboratorium@obrzyce.eu\">laboratorium@obrzyce.eu<\/a><\/p>\n<\/div>\n\n\n\n<div class=\"wp-block-column is-layout-flow wp-block-column-is-layout-flow\">\n<h4 class=\"wp-block-heading\" id=\"dietetyk\" style=\"font-size:24px;line-height:1.3\">Dietetyk<\/h4>\n\n\n\n<p>tel. (95) 7428 727<\/p>\n<\/div>\n<\/div>\n\n\n\n<div class=\"wp-block-columns alignfull has-text-color has-background is-layout-flex wp-container-core-columns-is-layout-9d6595d7 wp-block-columns-is-layout-flex\" style=\"color:#000000;background-color:#ffffff\">\n<div class=\"wp-block-column is-layout-flow wp-block-column-is-layout-flow\">\n<h4 class=\"wp-block-heading\" id=\"apteka\" style=\"font-size:24px;line-height:1.3\">APTEKA<\/h4>\n\n\n\n<p>tel. (95) 7428 761<br>ekspedycja: (95) 7428 762<br><br><a href=\"mailto:apteka@obrzyce.eu\">apteka@obrzyce.eu<\/a><\/p>\n<\/div>\n\n\n\n<div class=\"wp-block-column is-layout-flow wp-block-column-is-layout-flow\">\n<h4 class=\"wp-block-heading\" id=\"pracownik-socjalny\" style=\"font-size:24px;line-height:1.3\">Pracownicy socjalni<\/h4>\n\n\n\n<p>tel. (95) 7428 704<br><a href=\"mailto:socjalny@obrzyce.eu\">socjalny@obrzyce.eu<\/a><\/p>\n\n\n\n<p>tel. 509 368 947<br><a href=\"mailto:kriedel@obrzyce.eu\">kriedel@obrzyce.eu<\/a><\/p>\n<\/div>\n\n\n\n<div class=\"wp-block-column is-layout-flow wp-block-column-is-layout-flow\">\n<h4 class=\"wp-block-heading\" id=\"kierownik-zol-psychiatryczny\" style=\"font-size:24px;line-height:1.3\">Kierownik ZOL psychiatryczny<\/h4>\n\n\n\n<p>tel. (95) 7428 704<br><br><a href=\"mailto:bfrycz@obrzyce.eu\">bfrycz@obrzyce.eu<\/a><\/p>\n<\/div>\n<\/div>\n\n\n\n<div style=\"height:30px\" aria-hidden=\"true\" class=\"wp-block-spacer\"><\/div>\n\n\n\n<hr class=\"wp-block-separator has-text-color has-vivid-cyan-blue-color has-css-opacity has-vivid-cyan-blue-background-color has-background is-style-wide\"\/>\n\n\n\n<div style=\"height:30px\" aria-hidden=\"true\" class=\"wp-block-spacer\"><\/div>\n\n\n\n<div class=\"wp-block-columns alignfull has-text-color has-background is-layout-flex wp-container-core-columns-is-layout-9d6595d7 wp-block-columns-is-layout-flex\" style=\"color:#000000;background-color:#ffffff\">\n<div class=\"wp-block-column is-layout-flow wp-block-column-is-layout-flow\">\n<h4 class=\"wp-block-heading has-text-align-left\" id=\"zaklad-opiekunczo-leczniczy-psychiatryczny-nr-i\" style=\"font-size:24px;line-height:1.3\"><strong><strong>Zak\u0142ad opieku\u0144czo-leczniczy psychiatryczny <\/strong><\/strong><br><strong><strong><em>nr 1<\/em><\/strong><\/strong><\/h4>\n\n\n\n<p>Gabinet zabiegowy<br>tel. (95) 7428 764<br><br><\/p>\n<\/div>\n\n\n\n<div class=\"wp-block-column is-layout-flow wp-block-column-is-layout-flow\">\n<h4 class=\"wp-block-heading\" id=\"calodobowy-oddzial-psychiatryczny-nr-ii\" style=\"font-size:24px;line-height:1.3\"><strong>Ca\u0142odobowy<\/strong> <strong>oddzia\u0142 psychiatryczny <\/strong><br><strong><em>nr 2<\/em><\/strong><\/h4>\n\n\n\n<p>Gabinet zabiegowy<br>tel. (95) 7428 781<br><br>Ordynator<br>tel. (95) 7428 780<\/p>\n\n\n\n<p>Sekretariat<br>tel. (95) 7428 782<br><br>Gabinet lekarski<br>tel. (95) 7428 720<\/p>\n<\/div>\n\n\n\n<div class=\"wp-block-column is-layout-flow wp-block-column-is-layout-flow\">\n<h4 class=\"wp-block-heading\" id=\"zaklad-opiekunczo-leczniczy-psychiatryczny-nr-iii\" style=\"font-size:24px;line-height:1.3\"><strong><strong>Zak\u0142ad opieku\u0144czo-leczniczy psychiatryczny<em> <\/em><\/strong><\/strong><br><strong><strong><em>nr 3<\/em><\/strong><\/strong><\/h4>\n\n\n\n<p>Gabinet zabiegowy<br>tel. (95) 7428 766<\/p>\n<\/div>\n<\/div>\n\n\n\n<div class=\"wp-block-columns alignfull has-text-color has-background is-layout-flex wp-container-core-columns-is-layout-9d6595d7 wp-block-columns-is-layout-flex\" style=\"color:#000000;background-color:#ffffff\">\n<div class=\"wp-block-column is-layout-flow wp-block-column-is-layout-flow\">\n<h4 class=\"wp-block-heading\" id=\"zaklad-opiekunczo-leczniczy-psychiatryczny-nr-i\" style=\"font-size:24px;line-height:1.3\"><strong>Oddzia\u0142 psychiatryczny <br><em>nr 5<\/em><\/strong><\/h4>\n\n\n\n<p>Gabinet zabiegowy<br>tel. (95) 7428 786<br><br>Gabinet lekarski<br>tel. (95) 7428 784<\/p>\n\n\n\n<p>Psycholog<br>tel. (95) 7428 787<br><br>Sekretariat<br>tel. (95) 7428 785<br><br><\/p>\n<\/div>\n\n\n\n<div class=\"wp-block-column is-layout-flow wp-block-column-is-layout-flow\">\n<h4 class=\"wp-block-heading\" id=\"dzienny-oddzial-psychiatryczny-nr-viii\" style=\"font-size:24px;line-height:1.3\"><strong>Dzienny oddzia\u0142 psychiatryczny <br><em>nr 8<\/em><\/strong><\/h4>\n\n\n\n<p>Gabinet zabiegowy<br>tel. (95) 7428 776<\/p>\n\n\n\n<p>Sekretariat<br>tel. (95) 7428 775<\/p>\n<\/div>\n\n\n\n<div class=\"wp-block-column is-layout-flow wp-block-column-is-layout-flow\">\n<h4 class=\"wp-block-heading\" id=\"zaklad-opiekunczo-leczniczy-psychiatryczny-nr-ixb\" style=\"font-size:24px;line-height:1.3\"><strong>Zak\u0142ad opieku\u0144czo-leczniczy psychiatryczny <br><em>nr 9<\/em><\/strong><\/h4>\n\n\n\n<p>Gabinet zabiegowy &#8211; parter<br>tel. (95) 7428 800<br><br>Gabinet zabiegowy &#8211; pi\u0119tro<br>tel. (95) 7428 769<\/p>\n<\/div>\n<\/div>\n\n\n\n<div class=\"wp-block-columns alignfull has-text-color has-background is-layout-flex wp-container-core-columns-is-layout-9d6595d7 wp-block-columns-is-layout-flex\" style=\"color:#000000;background-color:#ffffff\">\n<div class=\"wp-block-column is-layout-flow wp-block-column-is-layout-flow\">\n<h4 class=\"wp-block-heading\" id=\"calodobowy-oddzial-leczenia-zaburzen-nerwicowych-i-osobowosci-nr-x\" style=\"font-size:24px;line-height:1.3\"><strong>Ca\u0142odobowy oddzia\u0142 leczenia zaburze\u0144 nerwicowych <br>i osobowo\u015bci <br><em>nr 10<\/em><\/strong><\/h4>\n\n\n\n<p>Gabinet zabiegowy<br>tel. (95) 7428 808<br><br>Gabinet lekarski<br>tel. (95) 7428 807<\/p>\n\n\n\n<p><\/p>\n<\/div>\n\n\n\n<div class=\"wp-block-column is-layout-flow wp-block-column-is-layout-flow\">\n<h4 class=\"wp-block-heading\" id=\"calodobowy-oddzial-rehabilitacji-neurologicznej-nr-xii\" style=\"font-size:24px;line-height:1.3\"><strong>Ca\u0142odobowy oddzia\u0142 rehabilitacji neurologicznej <br><em>nr 12<\/em><\/strong><\/h4>\n\n\n\n<p>Gabinet zabiegowy<br>tel. (95) 7428 814<br><br>Sekretariat<br>tel. (95) 7428 813<br><br>Gabinet lekarski<br>tel. (95) 7428 815<\/p>\n<\/div>\n\n\n\n<div class=\"wp-block-column is-layout-flow wp-block-column-is-layout-flow\">\n<h4 class=\"wp-block-heading\" id=\"calodobowy-oddzial-leczenia-alkoholowych-zespolow-abstynencyjnych-nr-xiii\" style=\"font-size:24px;line-height:1.3\"><strong>Ca\u0142odobowy oddzia\u0142 leczenia alkoholowych zespo\u0142\u00f3w abstynencyjnych <br><em>nr 13<\/em><\/strong><\/h4>\n\n\n\n<p>Gabinet zabiegowy<br>tel. (95) 7428 812<br><br>Gabinet lekarski<br>tel. (95) 7428 810<\/p>\n<\/div>\n<\/div>\n\n\n\n<div class=\"wp-block-columns alignfull has-text-color has-background is-layout-flex wp-container-core-columns-is-layout-9d6595d7 wp-block-columns-is-layout-flex\" style=\"color:#000000;background-color:#ffffff\">\n<div class=\"wp-block-column is-layout-flow wp-block-column-is-layout-flow\">\n<h4 class=\"wp-block-heading\" id=\"calodobowy-oddzial-rehabilitacji-psychiatrycznej-nr-xiv\" style=\"font-size:24px;line-height:1.3\"><strong>Ca\u0142odobowy oddzia\u0142 rehabilitacji psychiatrycznej <br><em>nr 14<\/em><\/strong><\/h4>\n\n\n\n<p>Gabinet zabiegowy<br>tel. (95) 7428 819<\/p>\n\n\n\n<p><br>Ordynator<br>tel. (95) 7428 818<\/p>\n\n\n\n<p>Sekretariat<br>tel. (95) 7428 719<\/p>\n<\/div>\n\n\n\n<div class=\"wp-block-column is-layout-flow wp-block-column-is-layout-flow\">\n<h4 class=\"wp-block-heading\" id=\"calodobowy-oddzial-psychiatrii-sadowej-o-podstawowym-zabezpieczeniu-dla-doroslych-nr-xv\" style=\"font-size:24px;line-height:1.3\">Ca\u0142odobowy oddzia\u0142 psychiatrii s\u0105dowej o podstawowym zabezpieczeniu dla doros\u0142ych <br><em>nr 15<\/em><\/h4>\n\n\n\n<p>Gabinet zabiegowy<br>tel. (95) 7428 792<br><br>Ordynator<br>tel. (95) 7428 790<\/p>\n\n\n\n<p>Psycholog<br>tel. (95) 7428 793<br><\/p>\n<\/div>\n\n\n\n<div class=\"wp-block-column is-layout-flow wp-block-column-is-layout-flow\">\n<h4 class=\"wp-block-heading\" id=\"calodobowy-oddzial-terapii-uzaleznienia-od-alkoholu-nr-xvi\" style=\"font-size:24px;line-height:1.3\">Ca\u0142odobowy oddzia\u0142 terapii uzale\u017cnienia od alkoholu <br><em>nr 16<\/em><\/h4>\n\n\n\n<p>Gabinet zabiegowy<br>tel. (95) 7428 805<br><br>Kierownik<br>tel. (95) 7428 804<\/p>\n\n\n\n<p>Terapeuci<br>tel. (95) 7428 806<\/p>\n<\/div>\n<\/div>\n\n\n\n<div class=\"wp-block-columns alignfull has-text-color has-background is-layout-flex wp-container-core-columns-is-layout-9d6595d7 wp-block-columns-is-layout-flex\" style=\"color:#000000;background-color:#ffffff\">\n<div class=\"wp-block-column is-layout-flow wp-block-column-is-layout-flow\">\n<h4 class=\"wp-block-heading\" id=\"zaklad-opiekunczo-leczniczy-psychiatryczny-nr-xviii\" style=\"font-size:24px;line-height:1.3\"><strong>Zak\u0142ad opieku\u0144czo-leczniczy psychiatryczny <br><em>nr 18<\/em><\/strong><\/h4>\n\n\n\n<p>Gabinet zabiegowy<br>tel. (95) 7428 777<br><br><\/p>\n<\/div>\n\n\n\n<div class=\"wp-block-column is-layout-flow wp-block-column-is-layout-flow\">\n<p style=\"font-size:24px\"><strong>Ca\u0142odobowy oddzia\u0142 psychiatrii s\u0105dowej o podstawowym zabezpieczeniu dla doros\u0142ych \/Ca\u0142odobowy oddzia\u0142 psychiatryczny <br><em>nr 20<\/em><\/strong><\/p>\n\n\n\n<p>Gabinet zabiegowy<br>tel. (95) 7428 797<br><br>Ordynator<br>tel. (95) 7428 794<\/p>\n\n\n\n<p>Gabinet terapeuty uzale\u017cnie\u0144<br>tel. (95) 7428 798<br><br>Gabinet lekarski <br>tel. (95) 7428 795<br><\/p>\n<\/div>\n<\/div>\n\n\n\n<div class=\"wp-block-columns alignfull has-text-color has-background is-layout-flex wp-container-core-columns-is-layout-9d6595d7 wp-block-columns-is-layout-flex\" style=\"color:#000000;background-color:#ffffff\">\n<div class=\"wp-block-column is-layout-flow wp-block-column-is-layout-flow\">\n<h4 class=\"wp-block-heading\" id=\"calodobowy-oddzial-psychiatrii-sadowej-o-wzmocnionym-zabezpieczeniu-dla-mlodziezy-nr-xix\" style=\"font-size:24px;line-height:1.3\"><strong>Ca\u0142odobowy oddzia\u0142 psychiatrii s\u0105dowej o wzmocnionym zabezpieczeniu dla m\u0142odzie\u017cy <br><em>nr 19<\/em>a<\/strong><br><\/h4>\n\n\n\n<p>Gabinet zabiegowy<br>tel. (95) 7428 789<br><br>Ordynator<br>tel. (95) 7428 788<\/p>\n\n\n\n<p>Psycholog<br>tel. (95) 7428 745<br><br>Terapeuci<br>tel. (95) 7428 774<br><br>Ochrona<br>tel. (95) 7428 773<br><br>Szko\u0142a<br>tel. (95) 7428 829 \/ 844<\/p>\n<\/div>\n\n\n\n<div class=\"wp-block-column is-layout-flow wp-block-column-is-layout-flow\">\n<p><br><br><\/p>\n<\/div>\n\n\n\n<div class=\"wp-block-column is-layout-flow wp-block-column-is-layout-flow\">\n<h4 class=\"wp-block-heading\" id=\"calodobowy-oddzial-psychiatrii-sadowej-o-wzmocnionym-zabezpieczeniu-dla-mlodziezy-nr-xix\" style=\"font-size:24px;line-height:1.3\"><strong>Oddzia\u0142 odwykowy o wzmocnionym zabezpieczeniu dla m\u0142odzie\u017cy<\/strong><br><strong><em>nr 19<\/em><\/strong>c<br><\/h4>\n\n\n\n<p>Gabinet zabiegowy<br>tel. (95) 7428 828<br><br><\/p>\n<\/div>\n\n\n\n<div class=\"wp-block-column is-layout-flow wp-block-column-is-layout-flow\">\n<p><br><\/p>\n<\/div>\n<\/div>\n<div class=\"gsp_post_data\" data-post_type=\"page\" data-cat=\"\" data-modified=\"120\" data-title=\"KOM\u00d3RKI MEDYCZNE\" data-home=\"https:\/\/obrzyce.eu\"><\/div>","protected":false},"excerpt":{"rendered":"<p>Izba przyj\u0119\u0107 tel. (95) 7428 707 fax (95) 7428 708 ip@obrzyce.eu Pracownia RTG \/ EKG tel. (95) 7428 748 rtg@obrzyce.eu Pracownia EEG tel. (95) 7428 749 eeg@obrzyce.eu Fizjoterapia tel. (95) 7428 752 zf@obrzyce.eu Rejestracja do poradni tel. (95) 7428 756 Poradnia neurologiczna \/ uzale\u017cnie\u0144 tel. (95) 7428 757 Poradnia Zdrowia Psychicznego tel. (95) 7428 758 [&hellip;]<\/p>\n","protected":false},"author":1,"featured_media":0,"parent":0,"menu_order":32,"comment_status":"closed","ping_status":"closed","template":"","meta":{"_eb_attr":"","inline_featured_image":false,"footnotes":""},"class_list":["post-2822","page","type-page","status-publish","hentry","clearfix"],"_links":{"self":[{"href":"https:\/\/obrzyce.eu\/index.php\/wp-json\/wp\/v2\/pages\/2822","targetHints":{"allow":["GET"]}}],"collection":[{"href":"https:\/\/obrzyce.eu\/index.php\/wp-json\/wp\/v2\/pages"}],"about":[{"href":"https:\/\/obrzyce.eu\/index.php\/wp-json\/wp\/v2\/types\/page"}],"author":[{"embeddable":true,"href":"https:\/\/obrzyce.eu\/index.php\/wp-json\/wp\/v2\/users\/1"}],"replies":[{"embeddable":true,"href":"https:\/\/obrzyce.eu\/index.php\/wp-json\/wp\/v2\/comments?post=2822"}],"version-history":[{"count":37,"href":"https:\/\/obrzyce.eu\/index.php\/wp-json\/wp\/v2\/pages\/2822\/revisions"}],"predecessor-version":[{"id":8336,"href":"https:\/\/obrzyce.eu\/index.php\/wp-json\/wp\/v2\/pages\/2822\/revisions\/8336"}],"wp:attachment":[{"href":"https:\/\/obrzyce.eu\/index.php\/wp-json\/wp\/v2\/media?parent=2822"}],"curies":[{"name":"wp","href":"https:\/\/api.w.org\/{rel}","templated":true}]}}